{"id":1483,"date":"2024-05-09T10:34:40","date_gmt":"2024-05-09T08:34:40","guid":{"rendered":"https:\/\/lesagebridal.be\/?post_type=product&#038;p=1483"},"modified":"2025-04-07T12:52:55","modified_gmt":"2025-04-07T10:52:55","slug":"minimalistische-zeemeemintrouwjurk-ruby","status":"publish","type":"product","link":"https:\/\/lesagebridal.be\/en\/trouwjurk-kopen\/aanbod\/minimalistische-zeemeemintrouwjurk-ruby\/","title":{"rendered":"Ruby"},"content":{"rendered":"<p>Gestroomlijnd, sexy en stijlvol..<br \/>\nDit zijn enkele woorden waar je spontaan aan denkt als je deze minimalistische trouwjurk past.<\/p>\n<p>Wil je pronken in stijl tijdens je huwelijk? \ud83e\udd29<br \/>\nWij helpen je hierbij!<\/p>","protected":false},"excerpt":{"rendered":"<p>Justin Alexander<\/p>","protected":false},"featured_media":1484,"comment_status":"closed","ping_status":"closed","template":"","meta":{"_seopress_robots_primary_cat":"none","_seopress_titles_title":"Minimalistische zeemeermintrouwjurk met V-d\u00e9collet\u00e9","_seopress_titles_desc":"Ontdek deze minimalistische zeemeermintrouwjurk gemaakt uit luxueuze cr\u00eape. Fit & flare trouwjurk . Minimalistisch design.","_seopress_robots_index":""},"product_brand":[],"product_cat":[21],"product_tag":[],"stijl":[217,218],"silhouet":[211],"merk":[206],"class_list":{"0":"post-1483","1":"product","2":"type-product","3":"status-publish","4":"has-post-thumbnail","6":"product_cat-trouwjurk","7":"stijl-klassevol","8":"stijl-minimalistisch","9":"silhouet-aansluitend-mermaid-fit-flare","10":"merk-justin-alexander","12":"first","13":"instock","14":"shipping-taxable","15":"product-type-simple"},"_links":{"self":[{"href":"https:\/\/lesagebridal.be\/en\/wp-json\/wp\/v2\/product\/1483","targetHints":{"allow":["GET"]}}],"collection":[{"href":"https:\/\/lesagebridal.be\/en\/wp-json\/wp\/v2\/product"}],"about":[{"href":"https:\/\/lesagebridal.be\/en\/wp-json\/wp\/v2\/types\/product"}],"replies":[{"embeddable":true,"href":"https:\/\/lesagebridal.be\/en\/wp-json\/wp\/v2\/comments?post=1483"}],"wp:featuredmedia":[{"embeddable":true,"href":"https:\/\/lesagebridal.be\/en\/wp-json\/wp\/v2\/media\/1484"}],"wp:attachment":[{"href":"https:\/\/lesagebridal.be\/en\/wp-json\/wp\/v2\/media?parent=1483"}],"wp:term":[{"taxonomy":"product_brand","embeddable":true,"href":"https:\/\/lesagebridal.be\/en\/wp-json\/wp\/v2\/product_brand?post=1483"},{"taxonomy":"product_cat","embeddable":true,"href":"https:\/\/lesagebridal.be\/en\/wp-json\/wp\/v2\/product_cat?post=1483"},{"taxonomy":"product_tag","embeddable":true,"href":"https:\/\/lesagebridal.be\/en\/wp-json\/wp\/v2\/product_tag?post=1483"},{"taxonomy":"stijl","embeddable":true,"href":"https:\/\/lesagebridal.be\/en\/wp-json\/wp\/v2\/stijl?post=1483"},{"taxonomy":"silhouet","embeddable":true,"href":"https:\/\/lesagebridal.be\/en\/wp-json\/wp\/v2\/silhouet?post=1483"},{"taxonomy":"merk","embeddable":true,"href":"https:\/\/lesagebridal.be\/en\/wp-json\/wp\/v2\/merk?post=1483"}],"curies":[{"name":"wp","href":"https:\/\/api.w.org\/{rel}","templated":true}]}}