{"id":3894,"date":"2025-09-29T19:09:23","date_gmt":"2025-09-29T17:09:23","guid":{"rendered":"https:\/\/lesagebridal.be\/?post_type=product&#038;p=3894"},"modified":"2025-09-29T19:20:12","modified_gmt":"2025-09-29T17:20:12","slug":"kamal-a-lijn-trouwjurk-met-kanten-sleep-en-afneembare-mouwen-van-aire-barcelona-by-rosa-clara","status":"publish","type":"product","link":"https:\/\/lesagebridal.be\/en\/trouwjurk-kopen\/aanbod\/kamal-a-lijn-trouwjurk-met-kanten-sleep-en-afneembare-mouwen-van-aire-barcelona-by-rosa-clara\/","title":{"rendered":"Kamal"},"content":{"rendered":"<p data-start=\"122\" data-end=\"177\"><strong data-start=\"122\" data-end=\"175\">KAMAL \u2013 Less is more, maar dan met een wow-factor<\/strong><\/p>\n<p data-start=\"179\" data-end=\"522\">Simpel? Alleen op het eerste gezicht. Ontdek deze droomjurk: strak, sexy en superstijlvol. De zachte A-lijn laat je figuur prachtig uitkomen, terwijl de prachtige sleep en transparante rug n\u00e9t dat beetje extra geven. De afneembare mouwen zorgen voor twee looks in \u00e9\u00e9n \u2014 elegant bij de ceremonie, moeiteloos chic op de dansvloer.<\/p>\n<p data-start=\"179\" data-end=\"522\">\n<p data-start=\"179\" data-end=\"522\">","protected":false},"excerpt":{"rendered":"<p>Aire Barcelona by Rosa Clara<\/p>","protected":false},"featured_media":3899,"comment_status":"closed","ping_status":"closed","template":"","meta":{"_seopress_robots_primary_cat":"none","_seopress_titles_title":"Kamal by Aire Barcelona Rosa Clara A-lijn trouwjurk mouwen","_seopress_titles_desc":"Kamal van Aire Barcelona by Rosa Clara: A-lijn trouwjurk met kanten sleep en afneembare mouwen. Klassevol en tijdloos","_seopress_robots_index":""},"product_brand":[],"product_cat":[21],"product_tag":[34,329,325,326,70,255,318,40,43],"stijl":[215,217,219,220,221],"silhouet":[210,214],"merk":[203],"class_list":{"0":"post-3894","1":"product","2":"type-product","3":"status-publish","4":"has-post-thumbnail","6":"product_cat-trouwjurk","7":"product_tag-a-lijn","8":"product_tag-afneembare","9":"product_tag-aire-barcelona","10":"product_tag-collectie-2026","11":"product_tag-kant","12":"product_tag-mouwen","13":"product_tag-parels","14":"product_tag-rosa-clara","15":"product_tag-trouwjurk","16":"stijl-dromerig","17":"stijl-klassevol","18":"stijl-romantisch","19":"stijl-sexy","20":"stijl-strand","21":"silhouet-a-lijn","22":"silhouet-soepelvallend","23":"merk-aire-barcelona-by-rosa-clara","25":"first","26":"instock","27":"shipping-taxable","28":"product-type-simple"},"_links":{"self":[{"href":"https:\/\/lesagebridal.be\/en\/wp-json\/wp\/v2\/product\/3894","targetHints":{"allow":["GET"]}}],"collection":[{"href":"https:\/\/lesagebridal.be\/en\/wp-json\/wp\/v2\/product"}],"about":[{"href":"https:\/\/lesagebridal.be\/en\/wp-json\/wp\/v2\/types\/product"}],"replies":[{"embeddable":true,"href":"https:\/\/lesagebridal.be\/en\/wp-json\/wp\/v2\/comments?post=3894"}],"wp:featuredmedia":[{"embeddable":true,"href":"https:\/\/lesagebridal.be\/en\/wp-json\/wp\/v2\/media\/3899"}],"wp:attachment":[{"href":"https:\/\/lesagebridal.be\/en\/wp-json\/wp\/v2\/media?parent=3894"}],"wp:term":[{"taxonomy":"product_brand","embeddable":true,"href":"https:\/\/lesagebridal.be\/en\/wp-json\/wp\/v2\/product_brand?post=3894"},{"taxonomy":"product_cat","embeddable":true,"href":"https:\/\/lesagebridal.be\/en\/wp-json\/wp\/v2\/product_cat?post=3894"},{"taxonomy":"product_tag","embeddable":true,"href":"https:\/\/lesagebridal.be\/en\/wp-json\/wp\/v2\/product_tag?post=3894"},{"taxonomy":"stijl","embeddable":true,"href":"https:\/\/lesagebridal.be\/en\/wp-json\/wp\/v2\/stijl?post=3894"},{"taxonomy":"silhouet","embeddable":true,"href":"https:\/\/lesagebridal.be\/en\/wp-json\/wp\/v2\/silhouet?post=3894"},{"taxonomy":"merk","embeddable":true,"href":"https:\/\/lesagebridal.be\/en\/wp-json\/wp\/v2\/merk?post=3894"}],"curies":[{"name":"wp","href":"https:\/\/api.w.org\/{rel}","templated":true}]}}