{"id":615,"date":"2024-03-22T16:37:48","date_gmt":"2024-03-22T15:37:48","guid":{"rendered":"https:\/\/lesagebridal.be\/?post_type=product&#038;p=615"},"modified":"2025-04-07T13:03:46","modified_gmt":"2025-04-07T11:03:46","slug":"hodeia","status":"publish","type":"product","link":"https:\/\/lesagebridal.be\/en\/trouwjurk-kopen\/aanbod\/hodeia\/","title":{"rendered":"Hodeia"},"content":{"rendered":"<p>Looking for a dreamy princess dress? Your dream becomes reality!<span class=\"s1\">\u2728<\/span><\/p>\n<p>Vele lagen zachte tule, een prachtig kanten bovenstuk en een elegante diepe d\u00e9collet\u00e9. Perfect voor een bruid die op zoek is naar een zeer unieke \u00e9n romantische look.<\/p>\n<p>Op de laatste foto\u2019s ontdek je onmiddellijk dat deze bruidsjurk Jill Gregre haar TOPfavoriet was! <span class=\"s1\">\ud83d\ude00<\/span><\/p>\n<p>&nbsp;<\/p>","protected":false},"excerpt":{"rendered":"<p>Adriana Alier by Rosa Clara<\/p>","protected":false},"featured_media":580,"comment_status":"closed","ping_status":"closed","template":"","meta":{"_seopress_robots_primary_cat":"none","_seopress_titles_title":"","_seopress_titles_desc":"","_seopress_robots_index":""},"product_brand":[],"product_cat":[21],"product_tag":[],"stijl":[215,216,219],"silhouet":[213],"merk":[202],"class_list":{"0":"post-615","1":"product","2":"type-product","3":"status-publish","4":"has-post-thumbnail","6":"product_cat-trouwjurk","7":"stijl-dromerig","8":"stijl-hollywood","9":"stijl-romantisch","10":"silhouet-prinses-trouwjurk","11":"merk-adriana-alier-by-rosa-clara","13":"first","14":"instock","15":"shipping-taxable","16":"product-type-simple"},"_links":{"self":[{"href":"https:\/\/lesagebridal.be\/en\/wp-json\/wp\/v2\/product\/615","targetHints":{"allow":["GET"]}}],"collection":[{"href":"https:\/\/lesagebridal.be\/en\/wp-json\/wp\/v2\/product"}],"about":[{"href":"https:\/\/lesagebridal.be\/en\/wp-json\/wp\/v2\/types\/product"}],"replies":[{"embeddable":true,"href":"https:\/\/lesagebridal.be\/en\/wp-json\/wp\/v2\/comments?post=615"}],"wp:featuredmedia":[{"embeddable":true,"href":"https:\/\/lesagebridal.be\/en\/wp-json\/wp\/v2\/media\/580"}],"wp:attachment":[{"href":"https:\/\/lesagebridal.be\/en\/wp-json\/wp\/v2\/media?parent=615"}],"wp:term":[{"taxonomy":"product_brand","embeddable":true,"href":"https:\/\/lesagebridal.be\/en\/wp-json\/wp\/v2\/product_brand?post=615"},{"taxonomy":"product_cat","embeddable":true,"href":"https:\/\/lesagebridal.be\/en\/wp-json\/wp\/v2\/product_cat?post=615"},{"taxonomy":"product_tag","embeddable":true,"href":"https:\/\/lesagebridal.be\/en\/wp-json\/wp\/v2\/product_tag?post=615"},{"taxonomy":"stijl","embeddable":true,"href":"https:\/\/lesagebridal.be\/en\/wp-json\/wp\/v2\/stijl?post=615"},{"taxonomy":"silhouet","embeddable":true,"href":"https:\/\/lesagebridal.be\/en\/wp-json\/wp\/v2\/silhouet?post=615"},{"taxonomy":"merk","embeddable":true,"href":"https:\/\/lesagebridal.be\/en\/wp-json\/wp\/v2\/merk?post=615"}],"curies":[{"name":"wp","href":"https:\/\/api.w.org\/{rel}","templated":true}]}}