{"id":170,"date":"2024-03-21T16:22:23","date_gmt":"2024-03-21T15:22:23","guid":{"rendered":"https:\/\/lesagebridal.be\/?page_id=170"},"modified":"2025-03-17T17:53:43","modified_gmt":"2025-03-17T16:53:43","slug":"personnalisation-de-la-robe-de-mariee","status":"publish","type":"page","link":"https:\/\/lesagebridal.be\/fr\/trouwjurk-aanpassen\/","title":{"rendered":"Retouches"},"content":{"rendered":"<div data-elementor-type=\"wp-page\" data-elementor-id=\"170\" class=\"elementor elementor-170\" data-elementor-post-type=\"page\">\n\t\t\t\t<div class=\"elementor-element elementor-element-4df5d0e e-flex e-con-boxed e-con e-parent\" data-id=\"4df5d0e\" data-element_type=\"container\" data-e-type=\"container\" data-settings=\"{&quot;jet_parallax_layout_list&quot;:[]}\">\n\t\t\t\t\t<div class=\"e-con-inner\">\n\t\t\t\t<div class=\"elementor-element elementor-element-613a7e9 elementor-widget elementor-widget-heading\" data-id=\"613a7e9\" data-element_type=\"widget\" data-e-type=\"widget\" data-widget_type=\"heading.default\">\n\t\t\t\t<div class=\"elementor-widget-container\">\n\t\t\t\t\t<h1 class=\"elementor-heading-title elementor-size-default\">Retouches<\/h1>\t\t\t\t<\/div>\n\t\t\t\t<\/div>\n\t\t\t\t\t<\/div>\n\t\t\t\t<\/div>\n\t\t<div class=\"elementor-element elementor-element-00e43f1 e-flex e-con-boxed e-con e-parent\" data-id=\"00e43f1\" data-element_type=\"container\" data-e-type=\"container\" data-settings=\"{&quot;jet_parallax_layout_list&quot;:[]}\">\n\t\t\t\t\t<div class=\"e-con-inner\">\n\t\t<div class=\"elementor-element elementor-element-40a1564 e-flex e-con-boxed e-con e-child\" data-id=\"40a1564\" data-element_type=\"container\" data-e-type=\"container\" data-settings=\"{&quot;jet_parallax_layout_list&quot;:[]}\">\n\t\t\t\t\t<div class=\"e-con-inner\">\n\t\t\t\t<div class=\"elementor-element elementor-element-16f8dc1 e-transform e-transform elementor-widget elementor-widget-image\" data-id=\"16f8dc1\" data-element_type=\"widget\" data-e-type=\"widget\" data-settings=\"{&quot;_transform_rotateZ_effect&quot;:{&quot;unit&quot;:&quot;px&quot;,&quot;size&quot;:-4,&quot;sizes&quot;:[]},&quot;_transform_rotateZ_effect_hover&quot;:{&quot;unit&quot;:&quot;px&quot;,&quot;size&quot;:0,&quot;sizes&quot;:[]},&quot;_transform_rotateZ_effect_tablet&quot;:{&quot;unit&quot;:&quot;deg&quot;,&quot;size&quot;:&quot;&quot;,&quot;sizes&quot;:[]},&quot;_transform_rotateZ_effect_mobile&quot;:{&quot;unit&quot;:&quot;deg&quot;,&quot;size&quot;:&quot;&quot;,&quot;sizes&quot;:[]},&quot;_transform_rotateZ_effect_hover_tablet&quot;:{&quot;unit&quot;:&quot;deg&quot;,&quot;size&quot;:&quot;&quot;,&quot;sizes&quot;:[]},&quot;_transform_rotateZ_effect_hover_mobile&quot;:{&quot;unit&quot;:&quot;deg&quot;,&quot;size&quot;:&quot;&quot;,&quot;sizes&quot;:[]}}\" data-widget_type=\"image.default\">\n\t\t\t\t<div class=\"elementor-widget-container\">\n\t\t\t\t\t\t\t\t\t\t\t\t\t\t\t<img fetchpriority=\"high\" decoding=\"async\" width=\"701\" height=\"1024\" src=\"https:\/\/lesagebridal.be\/wp-content\/uploads\/2024\/06\/IMG_1595-701x1024.jpeg\" class=\"attachment-large size-large wp-image-1781\" alt=\"Img 1595\" srcset=\"https:\/\/lesagebridal.be\/wp-content\/uploads\/2024\/06\/IMG_1595-701x1024.jpeg 701w, https:\/\/lesagebridal.be\/wp-content\/uploads\/2024\/06\/IMG_1595-205x300.jpeg 205w, https:\/\/lesagebridal.be\/wp-content\/uploads\/2024\/06\/IMG_1595-768x1123.jpeg 768w, https:\/\/lesagebridal.be\/wp-content\/uploads\/2024\/06\/IMG_1595-1051x1536.jpeg 1051w, https:\/\/lesagebridal.be\/wp-content\/uploads\/2024\/06\/IMG_1595-1401x2048.jpeg 1401w, https:\/\/lesagebridal.be\/wp-content\/uploads\/2024\/06\/IMG_1595-8x12.jpeg 8w, https:\/\/lesagebridal.be\/wp-content\/uploads\/2024\/06\/IMG_1595-600x877.jpeg 600w, https:\/\/lesagebridal.be\/wp-content\/uploads\/2024\/06\/IMG_1595-scaled.jpeg 1751w\" sizes=\"(max-width: 701px) 100vw, 701px\" \/>\t\t\t\t\t\t\t\t\t\t\t\t\t\t\t<\/div>\n\t\t\t\t<\/div>\n\t\t\t\t\t<\/div>\n\t\t\t\t<\/div>\n\t\t<div class=\"elementor-element elementor-element-387db67 e-flex e-con-boxed e-con e-child\" data-id=\"387db67\" data-element_type=\"container\" data-e-type=\"container\" data-settings=\"{&quot;jet_parallax_layout_list&quot;:[]}\">\n\t\t\t\t\t<div class=\"e-con-inner\">\n\t\t\t\t<div class=\"elementor-element elementor-element-75cafe5 elementor-widget elementor-widget-text-editor\" data-id=\"75cafe5\" data-element_type=\"widget\" data-e-type=\"widget\" data-widget_type=\"text-editor.default\">\n\t\t\t\t<div class=\"elementor-widget-container\">\n\t\t\t\t\t\t\t\t\t<p>Depuis 3 g\u00e9n\u00e9rations, Lesage Bridal est connu dans toute la Flandre pour le service apr\u00e8s-vente de votre robe de mari\u00e9e. Les retouches d'une robe de mari\u00e9e sont au moins ou m\u00eame plus importantes que l'achat lui-m\u00eame. Apr\u00e8s l'achat de votre robe de mari\u00e9e, nous nous ferons un plaisir de vous guider. Nous faisons tout sur place dans notre propre atelier \u00e0 Malines.<\/p>\t\t\t\t\t\t\t\t<\/div>\n\t\t\t\t<\/div>\n\t\t\t\t\t<\/div>\n\t\t\t\t<\/div>\n\t\t<div class=\"elementor-element elementor-element-1bf47ea e-con-full e-flex e-con e-child\" data-id=\"1bf47ea\" data-element_type=\"container\" data-e-type=\"container\" data-settings=\"{&quot;jet_parallax_layout_list&quot;:[]}\">\n\t\t\t\t<div class=\"elementor-element elementor-element-c52092c e-transform e-transform elementor-widget elementor-widget-image\" data-id=\"c52092c\" data-element_type=\"widget\" data-e-type=\"widget\" data-settings=\"{&quot;_transform_rotateZ_effect&quot;:{&quot;unit&quot;:&quot;px&quot;,&quot;size&quot;:-4,&quot;sizes&quot;:[]},&quot;_transform_rotateZ_effect_hover&quot;:{&quot;unit&quot;:&quot;px&quot;,&quot;size&quot;:0,&quot;sizes&quot;:[]},&quot;_transform_rotateZ_effect_tablet&quot;:{&quot;unit&quot;:&quot;deg&quot;,&quot;size&quot;:&quot;&quot;,&quot;sizes&quot;:[]},&quot;_transform_rotateZ_effect_mobile&quot;:{&quot;unit&quot;:&quot;deg&quot;,&quot;size&quot;:&quot;&quot;,&quot;sizes&quot;:[]},&quot;_transform_rotateZ_effect_hover_tablet&quot;:{&quot;unit&quot;:&quot;deg&quot;,&quot;size&quot;:&quot;&quot;,&quot;sizes&quot;:[]},&quot;_transform_rotateZ_effect_hover_mobile&quot;:{&quot;unit&quot;:&quot;deg&quot;,&quot;size&quot;:&quot;&quot;,&quot;sizes&quot;:[]}}\" data-widget_type=\"image.default\">\n\t\t\t\t<div class=\"elementor-widget-container\">\n\t\t\t\t\t\t\t\t\t\t\t\t\t\t\t<img decoding=\"async\" width=\"683\" height=\"1024\" data-src=\"https:\/\/lesagebridal.be\/wp-content\/uploads\/2024\/06\/IMG_1592-683x1024.jpeg\" class=\"attachment-large size-large wp-image-1784 lazyload\" alt=\"Img 1592\" data-srcset=\"https:\/\/lesagebridal.be\/wp-content\/uploads\/2024\/06\/IMG_1592-683x1024.jpeg 683w, https:\/\/lesagebridal.be\/wp-content\/uploads\/2024\/06\/IMG_1592-200x300.jpeg 200w, https:\/\/lesagebridal.be\/wp-content\/uploads\/2024\/06\/IMG_1592-768x1152.jpeg 768w, https:\/\/lesagebridal.be\/wp-content\/uploads\/2024\/06\/IMG_1592-1024x1536.jpeg 1024w, https:\/\/lesagebridal.be\/wp-content\/uploads\/2024\/06\/IMG_1592-1365x2048.jpeg 1365w, https:\/\/lesagebridal.be\/wp-content\/uploads\/2024\/06\/IMG_1592-8x12.jpeg 8w, https:\/\/lesagebridal.be\/wp-content\/uploads\/2024\/06\/IMG_1592-600x900.jpeg 600w, https:\/\/lesagebridal.be\/wp-content\/uploads\/2024\/06\/IMG_1592-scaled.jpeg 1707w\" data-sizes=\"(max-width: 683px) 100vw, 683px\" src=\"data:image\/svg+xml;base64,PHN2ZyB3aWR0aD0iMSIgaGVpZ2h0PSIxIiB4bWxucz0iaHR0cDovL3d3dy53My5vcmcvMjAwMC9zdmciPjwvc3ZnPg==\" style=\"--smush-placeholder-width: 683px; --smush-placeholder-aspect-ratio: 683\/1024;\" \/>\t\t\t\t\t\t\t\t\t\t\t\t\t\t\t<\/div>\n\t\t\t\t<\/div>\n\t\t\t\t<\/div>\n\t\t\t\t\t<\/div>\n\t\t\t\t<\/div>\n\t\t<div class=\"elementor-element elementor-element-9e1f84c e-flex e-con-boxed e-con e-parent\" data-id=\"9e1f84c\" data-element_type=\"container\" data-e-type=\"container\" data-settings=\"{&quot;jet_parallax_layout_list&quot;:[]}\">\n\t\t\t\t\t<div class=\"e-con-inner\">\n\t\t\t\t<div class=\"elementor-element elementor-element-1339b4b elementor-widget elementor-widget-heading\" data-id=\"1339b4b\" data-element_type=\"widget\" data-e-type=\"widget\" data-widget_type=\"heading.default\">\n\t\t\t\t<div class=\"elementor-widget-container\">\n\t\t\t\t\t<h2 class=\"elementor-heading-title elementor-size-default\">La qualit\u00e9 avant tout<\/h2>\t\t\t\t<\/div>\n\t\t\t\t<\/div>\n\t\t\t\t<div class=\"elementor-element elementor-element-e5132f6 elementor-widget elementor-widget-text-editor\" data-id=\"e5132f6\" data-element_type=\"widget\" data-e-type=\"widget\" data-widget_type=\"text-editor.default\">\n\t\t\t\t<div class=\"elementor-widget-container\">\n\t\t\t\t\t\t\t\t\t<p>Lesage Bridal, c'est Guanita et Jolien. Elles ont la couture dans le sang, comme leur m\u00e8re et leur grand-m\u00e8re. Nous sommes fiers de cette tradition familiale et nous nous remettons constamment en question pour devenir encore meilleurs dans notre m\u00e9tier. Guanita a suivi des cours dans la seule \u00e9cole de couture du Benelux \u00e0 Amsterdam, a appris les techniques de la Haute Couture \u00e0 Baltimore, aux \u00c9tats-Unis, et a suivi d'autres formations de courte dur\u00e9e par l'interm\u00e9diaire de la Fondation Roi Baudouin et de Sofina-Bo\u00ebl.En outre, en ao\u00fbt 2017, Guanita a particip\u00e9 \u00e0 une Masterclass \u00e0 Oxford, au Royaume-Uni, o\u00f9 elle a \u00e9t\u00e9 enseign\u00e9e par les meilleures corseti\u00e8res du monde lors de l'Oxford Conference Of Corsetry. La couture est sa passion qu'elle a transmise \u00e0 Jolien et Miassar. Ensemble, nous mettons tout en \u0153uvre pour que votre robe de mari\u00e9e vous aille parfaitement.<\/p>\t\t\t\t\t\t\t\t<\/div>\n\t\t\t\t<\/div>\n\t\t\t\t\t<\/div>\n\t\t\t\t<\/div>\n\t\t<div class=\"elementor-element elementor-element-0fc29b7 e-con-full e-flex e-con e-parent\" data-id=\"0fc29b7\" data-element_type=\"container\" data-e-type=\"container\" data-settings=\"{&quot;background_background&quot;:&quot;classic&quot;,&quot;jet_parallax_layout_list&quot;:[]}\">\n\t\t\t\t<div class=\"elementor-element elementor-element-e6f963a elementor-cta--layout-image-left elementor-cta--mobile-layout-image-above elementor-cta--skin-classic elementor-animated-content elementor-bg-transform elementor-bg-transform-zoom-in elementor-widget elementor-widget-call-to-action\" data-id=\"e6f963a\" data-element_type=\"widget\" data-e-type=\"widget\" data-widget_type=\"call-to-action.default\">\n\t\t\t\t<div class=\"elementor-widget-container\">\n\t\t\t\t\t\t\t<div class=\"elementor-cta\">\n\t\t\t\t\t<div class=\"elementor-cta__bg-wrapper\">\n\t\t\t\t<div class=\"elementor-cta__bg elementor-bg lazyload\" style=\"background-image:inherit;\" role=\"img\" aria-label=\"Img 1603\" data-bg-image=\"url(https:\/\/lesagebridal.be\/wp-content\/uploads\/2024\/06\/IMG_1603-scaled.jpeg)\"><\/div>\n\t\t\t\t<div class=\"elementor-cta__bg-overlay\"><\/div>\n\t\t\t<\/div>\n\t\t\t\t\t\t\t<div class=\"elementor-cta__content\">\n\t\t\t\t\n\t\t\t\t\t\t\t\t\t<h3 class=\"elementor-cta__title elementor-cta__content-item elementor-content-item\">\n\t\t\t\t\t\tVous souhaitez faire retoucher votre robe de mari\u00e9e ?\t\t\t\t\t<\/h3>\n\t\t\t\t\n\t\t\t\t\t\t\t\t\t<div class=\"elementor-cta__description elementor-cta__content-item elementor-content-item\">\n\t\t\t\t\t\tLa qualit\u00e9 avant tout, depuis 3 g\u00e9n\u00e9rations\t\t\t\t\t<\/div>\n\t\t\t\t\n\t\t\t\t\t\t\t\t\t<div class=\"elementor-cta__button-wrapper elementor-cta__content-item elementor-content-item\">\n\t\t\t\t\t<a class=\"elementor-cta__button elementor-button elementor-size-\" href=\"\/fr\/prendre-un-rendez-vous\/\">\n\t\t\t\t\t\tPrenez rendez-vous ici\t\t\t\t\t<\/a>\n\t\t\t\t\t<\/div>\n\t\t\t\t\t\t\t<\/div>\n\t\t\t\t\t\t<\/div>\n\t\t\t\t\t\t<\/div>\n\t\t\t\t<\/div>\n\t\t\t\t<\/div>\n\t\t<div class=\"elementor-element elementor-element-63f34b1 e-grid e-con-full elementor-hidden-desktop elementor-hidden-tablet elementor-hidden-mobile e-con e-parent\" data-id=\"63f34b1\" data-element_type=\"container\" data-e-type=\"container\" data-settings=\"{&quot;jet_parallax_layout_list&quot;:[]}\">\n\t\t<div class=\"elementor-element elementor-element-1957360 e-con-full e-flex e-con e-child\" data-id=\"1957360\" data-element_type=\"container\" data-e-type=\"container\" data-settings=\"{&quot;background_background&quot;:&quot;classic&quot;,&quot;jet_parallax_layout_list&quot;:[]}\">\n\t\t\t\t<\/div>\n\t\t<div class=\"elementor-element elementor-element-ee49a65 e-con-full e-flex e-con e-child\" data-id=\"ee49a65\" data-element_type=\"container\" data-e-type=\"container\" data-settings=\"{&quot;background_background&quot;:&quot;video&quot;,&quot;background_video_link&quot;:&quot;https:\\\/\\\/lesagebridal.be\\\/wp-content\\\/uploads\\\/2024\\\/03\\\/promo-video.mp4&quot;,&quot;jet_parallax_layout_list&quot;:[]}\">\n\t\t<div class=\"elementor-background-video-container elementor-hidden-mobile\">\n\t\t\t\t\t\t\t<video class=\"elementor-background-video-hosted\" role=\"presentation\" autoplay muted playsinline loop><\/video>\n\t\t\t\t\t<\/div>\t\t<\/div>\n\t\t\t\t<\/div>\n\t\t\t\t<\/div>","protected":false},"excerpt":{"rendered":"<p>Trouwjurk aanpassen Lesage Bridal staat reeds 3 generaties bekend voor de service na de aankoop van je trouwjurk over heel Vlaanderen. De retouches van een trouwjurk zijn minstens of zelfs nog belangrijker dan de aankoop zelf. Na de aankoop van je trouwjurk begeleiden we je graag verder. We doen alles ter plaatse in ons eigen [&hellip;]<\/p>\n","protected":false},"author":3,"featured_media":857,"parent":0,"menu_order":0,"comment_status":"closed","ping_status":"closed","template":"","meta":{"_seopress_robots_primary_cat":"","_seopress_titles_title":"%%post_title%%: Laat je trouwjurk aanpassen voor jouw speciale dag. %%sep%% %%sitetitle%%","_seopress_titles_desc":"Drie generaties vakmanschap. Laat je trouwjurk aanpassen, perfect op maat voor jouw speciale dag","_seopress_robots_index":"","footnotes":""},"class_list":["post-170","page","type-page","status-publish","has-post-thumbnail","hentry"],"_links":{"self":[{"href":"https:\/\/lesagebridal.be\/fr\/wp-json\/wp\/v2\/pages\/170","targetHints":{"allow":["GET"]}}],"collection":[{"href":"https:\/\/lesagebridal.be\/fr\/wp-json\/wp\/v2\/pages"}],"about":[{"href":"https:\/\/lesagebridal.be\/fr\/wp-json\/wp\/v2\/types\/page"}],"author":[{"embeddable":true,"href":"https:\/\/lesagebridal.be\/fr\/wp-json\/wp\/v2\/users\/3"}],"replies":[{"embeddable":true,"href":"https:\/\/lesagebridal.be\/fr\/wp-json\/wp\/v2\/comments?post=170"}],"version-history":[{"count":83,"href":"https:\/\/lesagebridal.be\/fr\/wp-json\/wp\/v2\/pages\/170\/revisions"}],"predecessor-version":[{"id":3170,"href":"https:\/\/lesagebridal.be\/fr\/wp-json\/wp\/v2\/pages\/170\/revisions\/3170"}],"wp:featuredmedia":[{"embeddable":true,"href":"https:\/\/lesagebridal.be\/fr\/wp-json\/wp\/v2\/media\/857"}],"wp:attachment":[{"href":"https:\/\/lesagebridal.be\/fr\/wp-json\/wp\/v2\/media?parent=170"}],"curies":[{"name":"wp","href":"https:\/\/api.w.org\/{rel}","templated":true}]}}