{"id":1449,"date":"2024-05-09T07:59:10","date_gmt":"2024-05-09T05:59:10","guid":{"rendered":"https:\/\/lesagebridal.be\/?post_type=product&#038;p=1449"},"modified":"2025-04-07T12:54:26","modified_gmt":"2025-04-07T10:54:26","slug":"robe-de-mariee-a-line-avec-fente-et-fines-bretelles-angelina","status":"publish","type":"product","link":"https:\/\/lesagebridal.be\/fr\/trouwjurk-kopen\/aanbod\/a-lijn-trouwjurk-met-split-en-fijne-bandjes-angelina\/","title":{"rendered":"Angelina"},"content":{"rendered":"<p id=\"tw-target-text\" class=\"tw-data-text tw-text-large tw-ta\" dir=\"ltr\" data-placeholder=\"Translation\" aria-label=\"Texte traduit\" data-ved=\"2ahUKEwjDhP-M7_-FAxUOh_0HHWMqD_YQ3ewLegQIBRAU\"><span class=\"Y2IQFc\" lang=\"nl\">D\u00e9couvrez cette magnifique robe de mari\u00e9e en tulle soyeux avec corsage transparent. L\u00e9g\u00e8re et a\u00e9rienne, cette robe est parfaite pour votre jour parfait ! Des perles modernes et quelques paillettes rehaussent l'effet romantique de la jupe fluide et accentuent le buste. La fente sexy est un moment cl\u00e9. Cette robe de mari\u00e9e est parfaite pour toutes les mari\u00e9es et ne fera que rehausser la beaut\u00e9 d\u00e9j\u00e0 pr\u00e9sente.<\/span><\/p>","protected":false},"excerpt":{"rendered":"<p>Adore de Justin Alexander<\/p>","protected":false},"featured_media":1450,"comment_status":"closed","ping_status":"closed","template":"","meta":{"_seopress_robots_primary_cat":"none","_seopress_titles_title":"Angelina : Tule A-lijn trouwjurk met sexy split en fijne bandjes.","_seopress_titles_desc":"Tule A-lijn bruidsjurk met sexy split en fijne bandjes. De pareltjes en glitter versterken het romantische effect van de vloeiende rok en accentueren de buste.","_seopress_robots_index":"","_seopress_analysis_target_kw":""},"product_brand":[],"product_cat":[21],"product_tag":[],"stijl":[216,219,220,221],"silhouet":[210,213],"merk":[206],"class_list":{"0":"post-1449","1":"product","2":"type-product","3":"status-publish","4":"has-post-thumbnail","6":"product_cat-trouwjurk","7":"stijl-hollywood","8":"stijl-romantisch","9":"stijl-sexy","10":"stijl-strand","11":"silhouet-a-lijn","12":"silhouet-prinses-trouwjurk","13":"merk-justin-alexander","15":"first","16":"instock","17":"shipping-taxable","18":"product-type-simple"},"_links":{"self":[{"href":"https:\/\/lesagebridal.be\/fr\/wp-json\/wp\/v2\/product\/1449","targetHints":{"allow":["GET"]}}],"collection":[{"href":"https:\/\/lesagebridal.be\/fr\/wp-json\/wp\/v2\/product"}],"about":[{"href":"https:\/\/lesagebridal.be\/fr\/wp-json\/wp\/v2\/types\/product"}],"replies":[{"embeddable":true,"href":"https:\/\/lesagebridal.be\/fr\/wp-json\/wp\/v2\/comments?post=1449"}],"wp:featuredmedia":[{"embeddable":true,"href":"https:\/\/lesagebridal.be\/fr\/wp-json\/wp\/v2\/media\/1450"}],"wp:attachment":[{"href":"https:\/\/lesagebridal.be\/fr\/wp-json\/wp\/v2\/media?parent=1449"}],"wp:term":[{"taxonomy":"product_brand","embeddable":true,"href":"https:\/\/lesagebridal.be\/fr\/wp-json\/wp\/v2\/product_brand?post=1449"},{"taxonomy":"product_cat","embeddable":true,"href":"https:\/\/lesagebridal.be\/fr\/wp-json\/wp\/v2\/product_cat?post=1449"},{"taxonomy":"product_tag","embeddable":true,"href":"https:\/\/lesagebridal.be\/fr\/wp-json\/wp\/v2\/product_tag?post=1449"},{"taxonomy":"stijl","embeddable":true,"href":"https:\/\/lesagebridal.be\/fr\/wp-json\/wp\/v2\/stijl?post=1449"},{"taxonomy":"silhouet","embeddable":true,"href":"https:\/\/lesagebridal.be\/fr\/wp-json\/wp\/v2\/silhouet?post=1449"},{"taxonomy":"merk","embeddable":true,"href":"https:\/\/lesagebridal.be\/fr\/wp-json\/wp\/v2\/merk?post=1449"}],"curies":[{"name":"wp","href":"https:\/\/api.w.org\/{rel}","templated":true}]}}