{"id":1545,"date":"2024-05-15T11:22:25","date_gmt":"2024-05-15T09:22:25","guid":{"rendered":"https:\/\/lesagebridal.be\/?post_type=product&#038;p=1545"},"modified":"2025-04-13T08:18:18","modified_gmt":"2025-04-13T06:18:18","slug":"echarpe-tres-douce-pour-recouvrir-votre-robe-de-mariee","status":"publish","type":"product","link":"https:\/\/lesagebridal.be\/fr\/trouwjurk-kopen\/aanbod\/hele-zachte-sjaal-voor-over-je-trouwjurk\/","title":{"rendered":"Foulard S167"},"content":{"rendered":"<p>Vous \u00eates \u00e0 la recherche d'une \u00e9charpe finement tricot\u00e9e de couleur ivoire ? Cette \u00e9charpe est l'accessoire id\u00e9al pour votre tenue de mariage. Tr\u00e8s douce et luxueuse, cette \u00e9charpe peut \u00eatre port\u00e9e sur les \u00e9paules ou les coudes.<\/p>\n<div id=\"collapse_3\" class=\"panel-collapse collapse show\" role=\"tabpanel\" aria-labelledby=\"heading_3\">\n<div class=\"info-block full-width\">\n<div class=\"info-block--item\">\n<p>Cette \u00e9tole est compos\u00e9e de 16% de laine, 20% d'acrylique, 20% de nylon et 44% de polyester.<\/p>\n<\/div>\n<\/div>\n<\/div>","protected":false},"excerpt":{"rendered":"<p>Poirier<\/p>","protected":false},"featured_media":3507,"comment_status":"closed","ping_status":"closed","template":"","meta":{"_seopress_robots_primary_cat":"none","_seopress_titles_title":"","_seopress_titles_desc":"De top heeft een V-hals met plooitjes onder de borst die mooi doorlopen in de rok en je de zwierige uitstraling geven.","_seopress_robots_index":""},"product_brand":[],"product_cat":[104,49],"product_tag":[34,41,35,37,38,33,40,43,39,45,44],"stijl":[],"silhouet":[],"merk":[],"class_list":{"0":"post-1545","1":"product","2":"type-product","3":"status-publish","4":"has-post-thumbnail","6":"product_cat-overige-accesoires","7":"product_cat-sjaals-en-vestjes","8":"product_tag-a-lijn","9":"product_tag-adriana-alier","10":"product_tag-boho","11":"product_tag-klassiek","12":"product_tag-lage-rug","13":"product_tag-nonchalante-look","14":"product_tag-rosa-clara","15":"product_tag-trouwjurk","16":"product_tag-v-hals","17":"product_tag-wikkeljurk","18":"product_tag-wikkeltrouwjurk","20":"first","21":"instock","22":"shipping-taxable","23":"product-type-simple"},"_links":{"self":[{"href":"https:\/\/lesagebridal.be\/fr\/wp-json\/wp\/v2\/product\/1545","targetHints":{"allow":["GET"]}}],"collection":[{"href":"https:\/\/lesagebridal.be\/fr\/wp-json\/wp\/v2\/product"}],"about":[{"href":"https:\/\/lesagebridal.be\/fr\/wp-json\/wp\/v2\/types\/product"}],"replies":[{"embeddable":true,"href":"https:\/\/lesagebridal.be\/fr\/wp-json\/wp\/v2\/comments?post=1545"}],"wp:featuredmedia":[{"embeddable":true,"href":"https:\/\/lesagebridal.be\/fr\/wp-json\/wp\/v2\/media\/3507"}],"wp:attachment":[{"href":"https:\/\/lesagebridal.be\/fr\/wp-json\/wp\/v2\/media?parent=1545"}],"wp:term":[{"taxonomy":"product_brand","embeddable":true,"href":"https:\/\/lesagebridal.be\/fr\/wp-json\/wp\/v2\/product_brand?post=1545"},{"taxonomy":"product_cat","embeddable":true,"href":"https:\/\/lesagebridal.be\/fr\/wp-json\/wp\/v2\/product_cat?post=1545"},{"taxonomy":"product_tag","embeddable":true,"href":"https:\/\/lesagebridal.be\/fr\/wp-json\/wp\/v2\/product_tag?post=1545"},{"taxonomy":"stijl","embeddable":true,"href":"https:\/\/lesagebridal.be\/fr\/wp-json\/wp\/v2\/stijl?post=1545"},{"taxonomy":"silhouet","embeddable":true,"href":"https:\/\/lesagebridal.be\/fr\/wp-json\/wp\/v2\/silhouet?post=1545"},{"taxonomy":"merk","embeddable":true,"href":"https:\/\/lesagebridal.be\/fr\/wp-json\/wp\/v2\/merk?post=1545"}],"curies":[{"name":"wp","href":"https:\/\/api.w.org\/{rel}","templated":true}]}}