{"id":1599,"date":"2024-05-17T20:29:32","date_gmt":"2024-05-17T18:29:32","guid":{"rendered":"https:\/\/lesagebridal.be\/?post_type=product&#038;p=1599"},"modified":"2025-04-07T12:50:43","modified_gmt":"2025-04-07T10:50:43","slug":"klassevolle-jumpsuit-met-brede-pijpen-ada","status":"publish","type":"product","link":"https:\/\/lesagebridal.be\/fr\/trouwjurk-kopen\/aanbod\/klassevolle-jumpsuit-met-brede-pijpen-ada\/","title":{"rendered":"Ada"},"content":{"rendered":"<div class=\"elementor-element elementor-element-cd48807 elementor-widget elementor-widget-jet-listing-dynamic-field\" data-id=\"cd48807\" data-element_type=\"widget\" data-widget_type=\"jet-listing-dynamic-field.default\">\n<div class=\"elementor-widget-container\">\n<div class=\"jet-listing jet-listing-dynamic-field display-inline\">\n<div class=\"jet-listing-dynamic-field__inline-wrap\">\n<div class=\"jet-listing-dynamic-field__content\">\n<p>Twijfel je tussen een trouwjurk en jumpsuit? Dan is deze klassevolle look van Adriana Alier by Rosa Clara perfect voor jou!<\/p>\n<p>Het comfort van een jumpsuit gecombineerd met de uitstraling van een trouwjurk. Ideaal toch?<\/p>\n<\/div>\n<p>Dit model is bij ons ook verkrijgbaar als trouwjurk.<\/p>\n<p>Le haut a une encolure en V avec des plis sous le buste qui se fondent joliment dans la jupe et vous donnent une allure pimpante.<\/p>\n<p>Ideaal voor bruiden die comfort met klasse willen combineren.<\/p>\n<\/div>\n<\/div>\n<\/div>\n<\/div>\n<h2 class=\"elementor-heading-title elementor-size-default\"><\/h2>\n<p>&nbsp;<\/p>\n<p>Caract\u00e9ristiques :<\/p>\n<p><span class=\"jet-listing-dynamic-terms__link\">Ligne A <\/span><span class=\"jet-listing-dynamic-terms__delimiter\">Boho ,<\/span>\u00a0<span class=\"jet-listing-dynamic-terms__link\">Fluide <\/span><span class=\"jet-listing-dynamic-terms__delimiter\">,<\/span> <span class=\"jet-listing-dynamic-terms__link\">combinaison <\/span><span class=\"jet-listing-dynamic-terms__delimiter\">, <\/span><span class=\"jet-listing-dynamic-terms__link\">Classique<\/span><span class=\"jet-listing-dynamic-terms__link\">\u00a0<\/span><span class=\"jet-listing-dynamic-terms__delimiter\">,<\/span> <span class=\"jet-listing-dynamic-terms__link\">Bas du dos <\/span><span class=\"jet-listing-dynamic-terms__delimiter\">,<\/span> <span class=\"jet-listing-dynamic-terms__link\">Romantique <\/span><span class=\"jet-listing-dynamic-terms__delimiter\">,<\/span> <span class=\"jet-listing-dynamic-terms__link\">Col en V , look d\u00e9contract\u00e9, boh\u00e8me , Rosa Clara , Adriana Alier<\/span><\/p>\n<div class=\"elementor-widget-container\"><\/div>","protected":false},"excerpt":{"rendered":"<p>Adriana Alier<\/p>","protected":false},"featured_media":1499,"comment_status":"closed","ping_status":"closed","template":"","meta":{"_seopress_robots_primary_cat":"none","_seopress_titles_title":"Ada is de jumpsuit met de uitstraling van een trouwjurk!","_seopress_titles_desc":"Twijfel je tussen een trouwjurk en jumpsuit? Dan is deze klassevolle outfit van Adriana Alier by Rosa Clara perfect voor jou!","_seopress_robots_index":""},"product_brand":[],"product_cat":[27],"product_tag":[34,41,35,32,36,31,37,38,33,40,43,39,42],"stijl":[216,217,218],"silhouet":[212,214],"merk":[202],"class_list":{"0":"post-1599","1":"product","2":"type-product","3":"status-publish","4":"has-post-thumbnail","6":"product_cat-jumpsuits","7":"product_tag-a-lijn","8":"product_tag-adriana-alier","9":"product_tag-boho","10":"product_tag-bredere-pijpen","11":"product_tag-flowy","12":"product_tag-jumpsuit","13":"product_tag-klassiek","14":"product_tag-lage-rug","15":"product_tag-nonchalante-look","16":"product_tag-rosa-clara","17":"product_tag-trouwjurk","18":"product_tag-v-hals","19":"product_tag-witte-jumpsuit","20":"stijl-hollywood","21":"stijl-klassevol","22":"stijl-minimalistisch","23":"silhouet-jumpsuit","24":"silhouet-soepelvallend","25":"merk-adriana-alier-by-rosa-clara","27":"first","28":"instock","29":"shipping-taxable","30":"product-type-simple"},"_links":{"self":[{"href":"https:\/\/lesagebridal.be\/fr\/wp-json\/wp\/v2\/product\/1599","targetHints":{"allow":["GET"]}}],"collection":[{"href":"https:\/\/lesagebridal.be\/fr\/wp-json\/wp\/v2\/product"}],"about":[{"href":"https:\/\/lesagebridal.be\/fr\/wp-json\/wp\/v2\/types\/product"}],"replies":[{"embeddable":true,"href":"https:\/\/lesagebridal.be\/fr\/wp-json\/wp\/v2\/comments?post=1599"}],"wp:featuredmedia":[{"embeddable":true,"href":"https:\/\/lesagebridal.be\/fr\/wp-json\/wp\/v2\/media\/1499"}],"wp:attachment":[{"href":"https:\/\/lesagebridal.be\/fr\/wp-json\/wp\/v2\/media?parent=1599"}],"wp:term":[{"taxonomy":"product_brand","embeddable":true,"href":"https:\/\/lesagebridal.be\/fr\/wp-json\/wp\/v2\/product_brand?post=1599"},{"taxonomy":"product_cat","embeddable":true,"href":"https:\/\/lesagebridal.be\/fr\/wp-json\/wp\/v2\/product_cat?post=1599"},{"taxonomy":"product_tag","embeddable":true,"href":"https:\/\/lesagebridal.be\/fr\/wp-json\/wp\/v2\/product_tag?post=1599"},{"taxonomy":"stijl","embeddable":true,"href":"https:\/\/lesagebridal.be\/fr\/wp-json\/wp\/v2\/stijl?post=1599"},{"taxonomy":"silhouet","embeddable":true,"href":"https:\/\/lesagebridal.be\/fr\/wp-json\/wp\/v2\/silhouet?post=1599"},{"taxonomy":"merk","embeddable":true,"href":"https:\/\/lesagebridal.be\/fr\/wp-json\/wp\/v2\/merk?post=1599"}],"curies":[{"name":"wp","href":"https:\/\/api.w.org\/{rel}","templated":true}]}}