{"id":1601,"date":"2024-05-17T20:40:13","date_gmt":"2024-05-17T18:40:13","guid":{"rendered":"https:\/\/lesagebridal.be\/?post_type=product&#038;p=1601"},"modified":"2025-04-07T12:50:18","modified_gmt":"2025-04-07T10:50:18","slug":"combinaison-rachel-avec-manches-papillon","status":"publish","type":"product","link":"https:\/\/lesagebridal.be\/fr\/trouwjurk-kopen\/aanbod\/rachel-jumpsuit-met-vlindermouwen\/","title":{"rendered":"Rachel"},"content":{"rendered":"<div class=\"elementor-element elementor-element-cd48807 elementor-widget elementor-widget-jet-listing-dynamic-field\" data-id=\"cd48807\" data-element_type=\"widget\" data-widget_type=\"jet-listing-dynamic-field.default\">\n<div class=\"elementor-widget-container\">\n<div class=\"jet-listing jet-listing-dynamic-field display-inline\">\n<div class=\"jet-listing-dynamic-field__inline-wrap\">\n<p class=\"jet-listing-dynamic-field__content\">Vous voulez vous sentir \u00e0 l'aise tout en ayant de la classe ?  Alors Rachel by Alma Novia est exactement ce qu'il vous faut !<\/p>\n<p id=\"tw-target-text\" class=\"tw-data-text tw-text-large tw-ta\" dir=\"ltr\" data-placeholder=\"Translation\" aria-label=\"Texte traduit\" data-ved=\"2ahUKEwj01beTnoCGAxXpgf0HHRE7DksQ3ewLegQIBRAU\"><span class=\"Y2IQFc\" lang=\"nl\">Cette combinaison comporte des poches, un dos en V, des boutons en perles et des manches fluides. Ce mod\u00e8le est disponible chez nous en combinaison et en robe de mari\u00e9e. <\/span><\/p>\n<p style=\"text-align: right;\">\n<\/div>\n<\/div>\n<\/div>\n<\/div>\n<p>Caract\u00e9ristiques :<\/p>\n<p><span class=\"jet-listing-dynamic-terms__link\">Ligne A <\/span><span class=\"jet-listing-dynamic-terms__delimiter\">Boho ,<\/span>\u00a0<span class=\"jet-listing-dynamic-terms__link\">Fluide <\/span><span class=\"jet-listing-dynamic-terms__delimiter\">,<\/span> <span class=\"jet-listing-dynamic-terms__link\">combinaison <\/span><span class=\"jet-listing-dynamic-terms__delimiter\">, <\/span><span class=\"jet-listing-dynamic-terms__link\">Classique <\/span><span class=\"jet-listing-dynamic-terms__delimiter\">,<\/span> <span class=\"jet-listing-dynamic-terms__link\">Manches courtes <\/span><span class=\"jet-listing-dynamic-terms__delimiter\">,<\/span> <span class=\"jet-listing-dynamic-terms__link\">Bas du dos <\/span><span class=\"jet-listing-dynamic-terms__delimiter\">,<\/span> <span class=\"jet-listing-dynamic-terms__link\">Romantique <\/span><span class=\"jet-listing-dynamic-terms__delimiter\">,<\/span> <span class=\"jet-listing-dynamic-terms__link\">Col en V, look d\u00e9contract\u00e9, boh\u00e8me\u00a0<\/span><\/p>\n<p class=\"elementor-widget-container\">","protected":false},"excerpt":{"rendered":"<p>Alma Novia<\/p>","protected":false},"featured_media":1493,"comment_status":"closed","ping_status":"closed","template":"","meta":{"_seopress_robots_primary_cat":"none","_seopress_titles_title":"Rachel is een klassevolle jumpsuit met V rug en vloeiende mouwen","_seopress_titles_desc":"Wil je je comfortabel \u00e9n klassevol voelen? Dan is deze jumpsuit van Alma Novia helemaal jouw ding! Met korte mouwen en lage rug voel je je super comfortabel!","_seopress_robots_index":""},"product_brand":[],"product_cat":[27],"product_tag":[34,35,32,36,31,37,38,33,39,64],"stijl":[218],"silhouet":[212,214],"merk":[204],"class_list":{"0":"post-1601","1":"product","2":"type-product","3":"status-publish","4":"has-post-thumbnail","6":"product_cat-jumpsuits","7":"product_tag-a-lijn","8":"product_tag-boho","9":"product_tag-bredere-pijpen","10":"product_tag-flowy","11":"product_tag-jumpsuit","12":"product_tag-klassiek","13":"product_tag-lage-rug","14":"product_tag-nonchalante-look","15":"product_tag-v-hals","16":"product_tag-vlindermouwen","17":"stijl-minimalistisch","18":"silhouet-jumpsuit","19":"silhouet-soepelvallend","20":"merk-alma-novia-by-rosa-clara","22":"first","23":"instock","24":"shipping-taxable","25":"product-type-simple"},"_links":{"self":[{"href":"https:\/\/lesagebridal.be\/fr\/wp-json\/wp\/v2\/product\/1601","targetHints":{"allow":["GET"]}}],"collection":[{"href":"https:\/\/lesagebridal.be\/fr\/wp-json\/wp\/v2\/product"}],"about":[{"href":"https:\/\/lesagebridal.be\/fr\/wp-json\/wp\/v2\/types\/product"}],"replies":[{"embeddable":true,"href":"https:\/\/lesagebridal.be\/fr\/wp-json\/wp\/v2\/comments?post=1601"}],"wp:featuredmedia":[{"embeddable":true,"href":"https:\/\/lesagebridal.be\/fr\/wp-json\/wp\/v2\/media\/1493"}],"wp:attachment":[{"href":"https:\/\/lesagebridal.be\/fr\/wp-json\/wp\/v2\/media?parent=1601"}],"wp:term":[{"taxonomy":"product_brand","embeddable":true,"href":"https:\/\/lesagebridal.be\/fr\/wp-json\/wp\/v2\/product_brand?post=1601"},{"taxonomy":"product_cat","embeddable":true,"href":"https:\/\/lesagebridal.be\/fr\/wp-json\/wp\/v2\/product_cat?post=1601"},{"taxonomy":"product_tag","embeddable":true,"href":"https:\/\/lesagebridal.be\/fr\/wp-json\/wp\/v2\/product_tag?post=1601"},{"taxonomy":"stijl","embeddable":true,"href":"https:\/\/lesagebridal.be\/fr\/wp-json\/wp\/v2\/stijl?post=1601"},{"taxonomy":"silhouet","embeddable":true,"href":"https:\/\/lesagebridal.be\/fr\/wp-json\/wp\/v2\/silhouet?post=1601"},{"taxonomy":"merk","embeddable":true,"href":"https:\/\/lesagebridal.be\/fr\/wp-json\/wp\/v2\/merk?post=1601"}],"curies":[{"name":"wp","href":"https:\/\/api.w.org\/{rel}","templated":true}]}}