{"id":2088,"date":"2024-07-14T10:43:24","date_gmt":"2024-07-14T08:43:24","guid":{"rendered":"https:\/\/lesagebridal.be\/?post_type=product&#038;p=2088"},"modified":"2024-07-14T11:02:22","modified_gmt":"2024-07-14T09:02:22","slug":"robe-de-mariee-dayla-avec-dessus-en-dentelle-manches-capuchon-a-line-et-fendue","status":"publish","type":"product","link":"https:\/\/lesagebridal.be\/fr\/trouwjurk-kopen\/aanbod\/dayla-trouwjurk-met-kanten-top-kapmouwtjes-a-lijn-en-split\/","title":{"rendered":"Dayla"},"content":{"rendered":"<div class=\"elementor-element elementor-element-cd48807 elementor-widget elementor-widget-jet-listing-dynamic-field\" data-id=\"cd48807\" data-element_type=\"widget\" data-widget_type=\"jet-listing-dynamic-field.default\">\n<div class=\"elementor-widget-container\">\n<div class=\"jet-listing jet-listing-dynamic-field display-inline\">\n<div class=\"jet-listing-dynamic-field__inline-wrap\">\n<div class=\"jet-listing-dynamic-field__content\">Ohlalalaaaa ! D\u00e9couvrez cette robe de mari\u00e9e flottante et tr\u00e8s confortable. Avec un haut en dentelle, des manches cap et une fente, cette robe de mari\u00e9e est le m\u00e9lange parfait pour le jour de votre mariage. \u2728<\/div>\n<\/div>\n<\/div>\n<\/div>\n<\/div>\n<p>Caract\u00e9ristiques :<\/p>\n<p><span class=\"jet-listing-dynamic-terms__link\">Ligne A <\/span><span class=\"jet-listing-dynamic-terms__link\">\u00a0<\/span><span class=\"jet-listing-dynamic-terms__delimiter\">,<\/span> robe de mari\u00e9e avec fente<span class=\"jet-listing-dynamic-terms__link\">\u00a0<\/span><span class=\"jet-listing-dynamic-terms__delimiter\">,<\/span><span class=\"jet-listing-dynamic-terms__link\"> manches \u00e0 capuchon<\/span><span class=\"jet-listing-dynamic-terms__link\">\u00a0<\/span><span class=\"jet-listing-dynamic-terms__delimiter\">,<\/span> <span class=\"jet-listing-dynamic-terms__link\">Romantique <\/span><span class=\"jet-listing-dynamic-terms__delimiter\">,<\/span> boho chic <span class=\"jet-listing-dynamic-terms__link\">La classe, Rosa Clara, Adriana Alier \u00a0<\/span><\/p>","protected":false},"excerpt":{"rendered":"<p>Adriana Alier par Rosa Clara<\/p>","protected":false},"featured_media":2089,"comment_status":"closed","ping_status":"closed","template":"","meta":{"_seopress_robots_primary_cat":"none","_seopress_titles_title":"Dayla Rosa Clara; trouwjurk kanten top, kapmouwtjes en split","_seopress_titles_desc":"Ontdek deze zwierige en zeer comfortabele bruidsjurk. Met een kanten bovenstuk, kapmouwtjes en een split is deze trouwjurk d\u00e9 perfecte mix voor je huwelijksdag.","_seopress_robots_index":""},"product_brand":[],"product_cat":[21],"product_tag":[34,41,70,40,90,66,69],"stijl":[],"silhouet":[],"merk":[],"class_list":{"0":"post-2088","1":"product","2":"type-product","3":"status-publish","4":"has-post-thumbnail","6":"product_cat-trouwjurk","7":"product_tag-a-lijn","8":"product_tag-adriana-alier","9":"product_tag-kant","10":"product_tag-rosa-clara","11":"product_tag-trouwjurk-met-kapmouwtjes","12":"product_tag-trouwjurk-met-split","13":"product_tag-trouwkleed-met-split","15":"first","16":"instock","17":"shipping-taxable","18":"product-type-simple"},"_links":{"self":[{"href":"https:\/\/lesagebridal.be\/fr\/wp-json\/wp\/v2\/product\/2088","targetHints":{"allow":["GET"]}}],"collection":[{"href":"https:\/\/lesagebridal.be\/fr\/wp-json\/wp\/v2\/product"}],"about":[{"href":"https:\/\/lesagebridal.be\/fr\/wp-json\/wp\/v2\/types\/product"}],"replies":[{"embeddable":true,"href":"https:\/\/lesagebridal.be\/fr\/wp-json\/wp\/v2\/comments?post=2088"}],"wp:featuredmedia":[{"embeddable":true,"href":"https:\/\/lesagebridal.be\/fr\/wp-json\/wp\/v2\/media\/2089"}],"wp:attachment":[{"href":"https:\/\/lesagebridal.be\/fr\/wp-json\/wp\/v2\/media?parent=2088"}],"wp:term":[{"taxonomy":"product_brand","embeddable":true,"href":"https:\/\/lesagebridal.be\/fr\/wp-json\/wp\/v2\/product_brand?post=2088"},{"taxonomy":"product_cat","embeddable":true,"href":"https:\/\/lesagebridal.be\/fr\/wp-json\/wp\/v2\/product_cat?post=2088"},{"taxonomy":"product_tag","embeddable":true,"href":"https:\/\/lesagebridal.be\/fr\/wp-json\/wp\/v2\/product_tag?post=2088"},{"taxonomy":"stijl","embeddable":true,"href":"https:\/\/lesagebridal.be\/fr\/wp-json\/wp\/v2\/stijl?post=2088"},{"taxonomy":"silhouet","embeddable":true,"href":"https:\/\/lesagebridal.be\/fr\/wp-json\/wp\/v2\/silhouet?post=2088"},{"taxonomy":"merk","embeddable":true,"href":"https:\/\/lesagebridal.be\/fr\/wp-json\/wp\/v2\/merk?post=2088"}],"curies":[{"name":"wp","href":"https:\/\/api.w.org\/{rel}","templated":true}]}}