{"id":2096,"date":"2024-07-14T11:16:19","date_gmt":"2024-07-14T09:16:19","guid":{"rendered":"https:\/\/lesagebridal.be\/?post_type=product&#038;p=2096"},"modified":"2025-04-07T12:42:54","modified_gmt":"2025-04-07T10:42:54","slug":"dallas-robe-de-mariee-sirene-dentelle-boutonnee-feminine-rosa-clara","status":"publish","type":"product","link":"https:\/\/lesagebridal.be\/fr\/trouwjurk-kopen\/aanbod\/dallas-zeemeermintrouwjurk-kant-knoopjes-vrouwelijk-rosa-clara\/","title":{"rendered":"Dallas"},"content":{"rendered":"<div class=\"elementor-element elementor-element-cd48807 elementor-widget elementor-widget-jet-listing-dynamic-field\" data-id=\"cd48807\" data-element_type=\"widget\" data-widget_type=\"jet-listing-dynamic-field.default\">\n<div class=\"elementor-widget-container\">\n<div class=\"jet-listing jet-listing-dynamic-field display-inline\">\n<div class=\"jet-listing-dynamic-field__inline-wrap\">\n<div class=\"jet-listing-dynamic-field__content\">\n<p class=\"p1\"><span class=\"s1\">Cette robe de mari\u00e9e est tout ce que nous recherchons dans une robe de mari\u00e9e connect\u00e9e.\u00a0<\/span><\/p>\n<p class=\"p1\"><span class=\"s1\">Une silhouette ultra-f\u00e9minine, de beaux d\u00e9tails sur le devant et dans le dos, et qui \u00e9pouse vos courbes sans les effleurer. <\/span><\/p>\n<p class=\"p1\"><span class=\"s1\">En onthou ladies: &#8221;In a world full of Kardashians, be a Grace!&#8221; \ud83d\ude09<\/span><\/p>\n<p>&nbsp;<\/p>\n<\/div>\n<\/div>\n<\/div>\n<\/div>\n<\/div>","protected":false},"excerpt":{"rendered":"<p>Adriana Alier par Rosa Clara<\/p>","protected":false},"featured_media":2097,"comment_status":"closed","ping_status":"closed","template":"","meta":{"_seopress_robots_primary_cat":"none","_seopress_titles_title":"Dallas fit en flare trouwjurk van Rosa Clara met kant.","_seopress_titles_desc":"Deze vrouwelijke en klassevolle, fit en flare trouwjurk heeft bandjes en enorm veel mooie details. Ontdek deze bruidsjurk van Rosa Clara.","_seopress_robots_index":""},"product_brand":[],"product_cat":[21],"product_tag":[41,70,40],"stijl":[216,217,219],"silhouet":[211],"merk":[202],"class_list":{"0":"post-2096","1":"product","2":"type-product","3":"status-publish","4":"has-post-thumbnail","6":"product_cat-trouwjurk","7":"product_tag-adriana-alier","8":"product_tag-kant","9":"product_tag-rosa-clara","10":"stijl-hollywood","11":"stijl-klassevol","12":"stijl-romantisch","13":"silhouet-aansluitend-mermaid-fit-flare","14":"merk-adriana-alier-by-rosa-clara","16":"first","17":"instock","18":"shipping-taxable","19":"product-type-simple"},"_links":{"self":[{"href":"https:\/\/lesagebridal.be\/fr\/wp-json\/wp\/v2\/product\/2096","targetHints":{"allow":["GET"]}}],"collection":[{"href":"https:\/\/lesagebridal.be\/fr\/wp-json\/wp\/v2\/product"}],"about":[{"href":"https:\/\/lesagebridal.be\/fr\/wp-json\/wp\/v2\/types\/product"}],"replies":[{"embeddable":true,"href":"https:\/\/lesagebridal.be\/fr\/wp-json\/wp\/v2\/comments?post=2096"}],"wp:featuredmedia":[{"embeddable":true,"href":"https:\/\/lesagebridal.be\/fr\/wp-json\/wp\/v2\/media\/2097"}],"wp:attachment":[{"href":"https:\/\/lesagebridal.be\/fr\/wp-json\/wp\/v2\/media?parent=2096"}],"wp:term":[{"taxonomy":"product_brand","embeddable":true,"href":"https:\/\/lesagebridal.be\/fr\/wp-json\/wp\/v2\/product_brand?post=2096"},{"taxonomy":"product_cat","embeddable":true,"href":"https:\/\/lesagebridal.be\/fr\/wp-json\/wp\/v2\/product_cat?post=2096"},{"taxonomy":"product_tag","embeddable":true,"href":"https:\/\/lesagebridal.be\/fr\/wp-json\/wp\/v2\/product_tag?post=2096"},{"taxonomy":"stijl","embeddable":true,"href":"https:\/\/lesagebridal.be\/fr\/wp-json\/wp\/v2\/stijl?post=2096"},{"taxonomy":"silhouet","embeddable":true,"href":"https:\/\/lesagebridal.be\/fr\/wp-json\/wp\/v2\/silhouet?post=2096"},{"taxonomy":"merk","embeddable":true,"href":"https:\/\/lesagebridal.be\/fr\/wp-json\/wp\/v2\/merk?post=2096"}],"curies":[{"name":"wp","href":"https:\/\/api.w.org\/{rel}","templated":true}]}}