{"id":2116,"date":"2024-07-14T11:54:21","date_gmt":"2024-07-14T09:54:21","guid":{"rendered":"https:\/\/lesagebridal.be\/?post_type=product&#038;p=2116"},"modified":"2025-04-07T12:40:12","modified_gmt":"2025-04-07T10:40:12","slug":"robe-de-mariee-helenia-avec-bretelles-fines-en-dentelle-et-fente-rosa-clara","status":"publish","type":"product","link":"https:\/\/lesagebridal.be\/fr\/trouwjurk-kopen\/aanbod\/helenia-trouwjurk-met-kant-fijne-bandjes-en-split-rosa-clara\/","title":{"rendered":"Helenia"},"content":{"rendered":"<div class=\"elementor-element elementor-element-cd48807 elementor-widget elementor-widget-jet-listing-dynamic-field\" data-id=\"cd48807\" data-element_type=\"widget\" data-widget_type=\"jet-listing-dynamic-field.default\">\n<div class=\"elementor-widget-container\">\n<div class=\"jet-listing jet-listing-dynamic-field display-inline\">\n<div class=\"jet-listing-dynamic-field__inline-wrap\">\n<div class=\"jet-listing-dynamic-field__content\">\n<p class=\"p1\"><span class=\"s1\">La plage, s'il vous pla\u00eet ! Il suffit de regarder cette robe de mari\u00e9e d'\u00e9t\u00e9 pour esp\u00e9rer un temps de plage. <\/span><span class=\"s1\">\ud83d\ude0d<\/span><\/p>\n<p>Avec un haut en dentelle, des bretelles d\u00e9licates, de beaux d\u00e9tails, une ligne A pimpante et une fente, cette robe de mari\u00e9e fait sensation.<\/p>\n<\/div>\n<p>Caract\u00e9ristiques ; Robe de mari\u00e9e A-line, Alma Novia by Rosa Clara, robe de mari\u00e9e avec fente, haut en dentelle, robe de mari\u00e9e de plage<\/p>\n<div class=\"jet-listing-dynamic-field__content\">\n<p>&nbsp;<\/p>\n<\/div>\n<\/div>\n<\/div>\n<\/div>\n<\/div>","protected":false},"excerpt":{"rendered":"<p>Alma Novia de Rosa Clara<\/p>","protected":false},"featured_media":2112,"comment_status":"closed","ping_status":"closed","template":"","meta":{"_seopress_robots_primary_cat":"none","_seopress_titles_title":"Helenia: strand trouwjurk met kant en split van Rosa Clara","_seopress_titles_desc":"Met een kanten bovenstuk, fijne bandjes, prachtige details, een zwierige A-lijn \u00e9n een split maakt deze trouwjurk een plaatje.\u00a0","_seopress_robots_index":""},"product_brand":[],"product_cat":[21],"product_tag":[65,40,96,97,95,72],"stijl":[215,216,217,219,220,221],"silhouet":[210,214],"merk":[204],"class_list":{"0":"post-2116","1":"product","2":"type-product","3":"status-publish","4":"has-post-thumbnail","6":"product_cat-trouwjurk","7":"product_tag-alma-novia","8":"product_tag-rosa-clara","9":"product_tag-strand-trouwjurk","10":"product_tag-trouwjurk-buitenland","11":"product_tag-trouwjurk-met-fijne-bandjes","12":"product_tag-trouwjurk-met-kant","13":"stijl-dromerig","14":"stijl-hollywood","15":"stijl-klassevol","16":"stijl-romantisch","17":"stijl-sexy","18":"stijl-strand","19":"silhouet-a-lijn","20":"silhouet-soepelvallend","21":"merk-alma-novia-by-rosa-clara","23":"first","24":"instock","25":"shipping-taxable","26":"product-type-simple"},"_links":{"self":[{"href":"https:\/\/lesagebridal.be\/fr\/wp-json\/wp\/v2\/product\/2116","targetHints":{"allow":["GET"]}}],"collection":[{"href":"https:\/\/lesagebridal.be\/fr\/wp-json\/wp\/v2\/product"}],"about":[{"href":"https:\/\/lesagebridal.be\/fr\/wp-json\/wp\/v2\/types\/product"}],"replies":[{"embeddable":true,"href":"https:\/\/lesagebridal.be\/fr\/wp-json\/wp\/v2\/comments?post=2116"}],"wp:featuredmedia":[{"embeddable":true,"href":"https:\/\/lesagebridal.be\/fr\/wp-json\/wp\/v2\/media\/2112"}],"wp:attachment":[{"href":"https:\/\/lesagebridal.be\/fr\/wp-json\/wp\/v2\/media?parent=2116"}],"wp:term":[{"taxonomy":"product_brand","embeddable":true,"href":"https:\/\/lesagebridal.be\/fr\/wp-json\/wp\/v2\/product_brand?post=2116"},{"taxonomy":"product_cat","embeddable":true,"href":"https:\/\/lesagebridal.be\/fr\/wp-json\/wp\/v2\/product_cat?post=2116"},{"taxonomy":"product_tag","embeddable":true,"href":"https:\/\/lesagebridal.be\/fr\/wp-json\/wp\/v2\/product_tag?post=2116"},{"taxonomy":"stijl","embeddable":true,"href":"https:\/\/lesagebridal.be\/fr\/wp-json\/wp\/v2\/stijl?post=2116"},{"taxonomy":"silhouet","embeddable":true,"href":"https:\/\/lesagebridal.be\/fr\/wp-json\/wp\/v2\/silhouet?post=2116"},{"taxonomy":"merk","embeddable":true,"href":"https:\/\/lesagebridal.be\/fr\/wp-json\/wp\/v2\/merk?post=2116"}],"curies":[{"name":"wp","href":"https:\/\/api.w.org\/{rel}","templated":true}]}}