{"id":2205,"date":"2024-07-22T09:18:22","date_gmt":"2024-07-22T07:18:22","guid":{"rendered":"https:\/\/lesagebridal.be\/?post_type=product&#038;p=2205"},"modified":"2025-04-07T12:36:17","modified_gmt":"2025-04-07T10:36:17","slug":"robe-de-mariee-sirene-miura-sexy-avec-dentelle-3d","status":"publish","type":"product","link":"https:\/\/lesagebridal.be\/fr\/trouwjurk-kopen\/aanbod\/miura-sexy-zeemeermintrouwjurk-met-3d-kant\/","title":{"rendered":"Miura"},"content":{"rendered":"<p>Habillez-vous en toute confiance !<\/p>\n<p class=\"p1\"><span class=\"s1\">D\u00e9couvrez cette silhouette super f\u00e9minine avec de magnifiques d\u00e9tails devant et derri\u00e8re et de la dentelle en 3D. Cette robe de mari\u00e9e sir\u00e8ne \u00e9pouse vos courbes sans les d\u00e9former et cr\u00e9e un effet ludique avec les d\u00e9tails en dentelle des coutures lat\u00e9rales.\u00a0<\/span><\/p>\n<p>Mod\u00e8le d'essayage dans notre magasin de mariage en taille 38\/40 et taille 48\/50.<\/p>","protected":false},"excerpt":{"rendered":"<p>White One de Pronovias<\/p>","protected":false},"featured_media":2206,"comment_status":"closed","ping_status":"closed","template":"","meta":{"_seopress_robots_primary_cat":"none","_seopress_titles_title":"Miura: sexy kanten aansluitende zeemeermintrouwjurk 3D kant","_seopress_titles_desc":"Deze zeemeermintrouwjurk met 3D kant omarmt je rondingen zonder af te tekenen en zorgt voor een speels effect met de kanten details in de zijnaden.\u00a0","_seopress_robots_index":""},"product_brand":[],"product_cat":[21],"product_tag":[89,72,107],"stijl":[215,219],"silhouet":[211],"merk":[209],"class_list":{"0":"post-2205","1":"product","2":"type-product","3":"status-publish","4":"has-post-thumbnail","6":"product_cat-trouwjurk","7":"product_tag-sexy-trouwjurk","8":"product_tag-trouwjurk-met-kant","9":"product_tag-zeemeermintrouwjurk","10":"stijl-dromerig","11":"stijl-romantisch","12":"silhouet-aansluitend-mermaid-fit-flare","13":"merk-white-one-by-pronovias","15":"first","16":"instock","17":"shipping-taxable","18":"product-type-simple"},"_links":{"self":[{"href":"https:\/\/lesagebridal.be\/fr\/wp-json\/wp\/v2\/product\/2205","targetHints":{"allow":["GET"]}}],"collection":[{"href":"https:\/\/lesagebridal.be\/fr\/wp-json\/wp\/v2\/product"}],"about":[{"href":"https:\/\/lesagebridal.be\/fr\/wp-json\/wp\/v2\/types\/product"}],"replies":[{"embeddable":true,"href":"https:\/\/lesagebridal.be\/fr\/wp-json\/wp\/v2\/comments?post=2205"}],"wp:featuredmedia":[{"embeddable":true,"href":"https:\/\/lesagebridal.be\/fr\/wp-json\/wp\/v2\/media\/2206"}],"wp:attachment":[{"href":"https:\/\/lesagebridal.be\/fr\/wp-json\/wp\/v2\/media?parent=2205"}],"wp:term":[{"taxonomy":"product_brand","embeddable":true,"href":"https:\/\/lesagebridal.be\/fr\/wp-json\/wp\/v2\/product_brand?post=2205"},{"taxonomy":"product_cat","embeddable":true,"href":"https:\/\/lesagebridal.be\/fr\/wp-json\/wp\/v2\/product_cat?post=2205"},{"taxonomy":"product_tag","embeddable":true,"href":"https:\/\/lesagebridal.be\/fr\/wp-json\/wp\/v2\/product_tag?post=2205"},{"taxonomy":"stijl","embeddable":true,"href":"https:\/\/lesagebridal.be\/fr\/wp-json\/wp\/v2\/stijl?post=2205"},{"taxonomy":"silhouet","embeddable":true,"href":"https:\/\/lesagebridal.be\/fr\/wp-json\/wp\/v2\/silhouet?post=2205"},{"taxonomy":"merk","embeddable":true,"href":"https:\/\/lesagebridal.be\/fr\/wp-json\/wp\/v2\/merk?post=2205"}],"curies":[{"name":"wp","href":"https:\/\/api.w.org\/{rel}","templated":true}]}}