{"id":2497,"date":"2024-11-22T16:52:28","date_gmt":"2024-11-22T15:52:28","guid":{"rendered":"https:\/\/lesagebridal.be\/?post_type=product&#038;p=2497"},"modified":"2025-04-07T12:30:23","modified_gmt":"2025-04-07T10:30:23","slug":"althea","status":"publish","type":"product","link":"https:\/\/lesagebridal.be\/fr\/trouwjurk-kopen\/aanbod\/althea\/","title":{"rendered":"Althea"},"content":{"rendered":"<p class=\"p1\"><span class=\"s1\">\"Ma vie est un conte de f\u00e9es...\" \u2728 <\/span><\/p>\n<p class=\"p1\"><span class=\"s1\">... et vous rayonnerez dans cette robe de mari\u00e9e romantique au corsage transparent avec paillettes, \u00e0 l'ossature visible et \u00e0 la dentelle florale. Dot\u00e9e d'une sous-couche de paillettes, cette robe de mari\u00e9e est compl\u00e9t\u00e9e par des bretelles amovibles qui ajoutent une touche de romantisme sans compromettre le corsage sexy. <\/span>\ud83d\ude0d<\/p>\n<p>&nbsp;<\/p>\n<p>&nbsp;<\/p>","protected":false},"excerpt":{"rendered":"<p>Jarice Bridal<\/p>","protected":false},"featured_media":2498,"comment_status":"closed","ping_status":"closed","template":"","meta":{"_seopress_robots_primary_cat":"none","_seopress_titles_title":"Althea: bustiertrouwjurk met afneembare bandjes, kant en tule","_seopress_titles_desc":"Ontdek deze romantische bruidsjurk met doorschijnende lijfje, zichtbare baleinen en bloemenkant, tule, sparkles en afneembare schouderbandjes.","_seopress_robots_index":""},"product_brand":[],"product_cat":[21],"product_tag":[86,89,88,72,87],"stijl":[215,219],"silhouet":[210,213],"merk":[205],"class_list":{"0":"post-2497","1":"product","2":"type-product","3":"status-publish","4":"has-post-thumbnail","6":"product_cat-trouwjurk","7":"product_tag-bustier-trouwjurk","8":"product_tag-sexy-trouwjurk","9":"product_tag-trouwjurk-met-afneembare-bandjes","10":"product_tag-trouwjurk-met-kant","11":"product_tag-trouwjurk-met-split-en-kant","12":"stijl-dromerig","13":"stijl-romantisch","14":"silhouet-a-lijn","15":"silhouet-prinses-trouwjurk","16":"merk-jarice","18":"first","19":"instock","20":"shipping-taxable","21":"product-type-simple"},"_links":{"self":[{"href":"https:\/\/lesagebridal.be\/fr\/wp-json\/wp\/v2\/product\/2497","targetHints":{"allow":["GET"]}}],"collection":[{"href":"https:\/\/lesagebridal.be\/fr\/wp-json\/wp\/v2\/product"}],"about":[{"href":"https:\/\/lesagebridal.be\/fr\/wp-json\/wp\/v2\/types\/product"}],"replies":[{"embeddable":true,"href":"https:\/\/lesagebridal.be\/fr\/wp-json\/wp\/v2\/comments?post=2497"}],"wp:featuredmedia":[{"embeddable":true,"href":"https:\/\/lesagebridal.be\/fr\/wp-json\/wp\/v2\/media\/2498"}],"wp:attachment":[{"href":"https:\/\/lesagebridal.be\/fr\/wp-json\/wp\/v2\/media?parent=2497"}],"wp:term":[{"taxonomy":"product_brand","embeddable":true,"href":"https:\/\/lesagebridal.be\/fr\/wp-json\/wp\/v2\/product_brand?post=2497"},{"taxonomy":"product_cat","embeddable":true,"href":"https:\/\/lesagebridal.be\/fr\/wp-json\/wp\/v2\/product_cat?post=2497"},{"taxonomy":"product_tag","embeddable":true,"href":"https:\/\/lesagebridal.be\/fr\/wp-json\/wp\/v2\/product_tag?post=2497"},{"taxonomy":"stijl","embeddable":true,"href":"https:\/\/lesagebridal.be\/fr\/wp-json\/wp\/v2\/stijl?post=2497"},{"taxonomy":"silhouet","embeddable":true,"href":"https:\/\/lesagebridal.be\/fr\/wp-json\/wp\/v2\/silhouet?post=2497"},{"taxonomy":"merk","embeddable":true,"href":"https:\/\/lesagebridal.be\/fr\/wp-json\/wp\/v2\/merk?post=2497"}],"curies":[{"name":"wp","href":"https:\/\/api.w.org\/{rel}","templated":true}]}}