{"id":2762,"date":"2024-12-25T10:27:07","date_gmt":"2024-12-25T09:27:07","guid":{"rendered":"https:\/\/lesagebridal.be\/?post_type=product&#038;p=2762"},"modified":"2025-04-07T12:25:31","modified_gmt":"2025-04-07T10:25:31","slug":"waddox-jumpsuit-rosa-clara-alma-novia","status":"publish","type":"product","link":"https:\/\/lesagebridal.be\/fr\/trouwjurk-kopen\/aanbod\/waddox-jumpsuit-rosa-clara-alma-novia\/","title":{"rendered":"Waddox"},"content":{"rendered":"<div class=\"elementor-element elementor-element-cd48807 elementor-widget elementor-widget-jet-listing-dynamic-field\" data-id=\"cd48807\" data-element_type=\"widget\" data-widget_type=\"jet-listing-dynamic-field.default\">\n<div class=\"elementor-widget-container\">\n<div class=\"jet-listing jet-listing-dynamic-field display-inline\">\n<div class=\"jet-listing-dynamic-field__inline-wrap\">\n<div class=\"jet-listing-dynamic-field__content\">\n<p>Wil je je comfortabel voelen? Dan is Waddox van Alma Novia helemaal jouw ding!<\/p>\n<p>Dit model is bij ons zowel in een jumpsuit als trouwjurk verkrijgbaar.<\/p>\n<p>De top heeft een losse vlindermouw, valt strak om de taille en flowy in de broek\/rok. Voor de bruid die net een wat speelse look zoekt!<\/p>\n<\/div>\n<\/div>\n<\/div>\n<\/div>\n<\/div>\n<h2 class=\"elementor-heading-title elementor-size-default\"><\/h2>\n<p>Caract\u00e9ristiques :<\/p>\n<p><span class=\"jet-listing-dynamic-terms__link\">Ligne A <\/span><span class=\"jet-listing-dynamic-terms__delimiter\">Boho ,<\/span>\u00a0<span class=\"jet-listing-dynamic-terms__link\">Fluide <\/span><span class=\"jet-listing-dynamic-terms__delimiter\">,<\/span> <span class=\"jet-listing-dynamic-terms__link\">combinaison <\/span><span class=\"jet-listing-dynamic-terms__delimiter\">, <\/span><span class=\"jet-listing-dynamic-terms__link\">Classique <\/span><span class=\"jet-listing-dynamic-terms__delimiter\">,<\/span> <span class=\"jet-listing-dynamic-terms__link\">Manches courtes <\/span><span class=\"jet-listing-dynamic-terms__delimiter\">,<\/span> <span class=\"jet-listing-dynamic-terms__link\">Bas du dos <\/span><span class=\"jet-listing-dynamic-terms__delimiter\">,<\/span> <span class=\"jet-listing-dynamic-terms__link\">Romantique <\/span><span class=\"jet-listing-dynamic-terms__delimiter\">,<\/span> <span class=\"jet-listing-dynamic-terms__link\">Col en V, look d\u00e9contract\u00e9, boh\u00e8me\u00a0<\/span><\/p>\n<div class=\"elementor-widget-container\"><\/div>","protected":false},"excerpt":{"rendered":"<p>Alma Novia de Rosa Clara<\/p>","protected":false},"featured_media":1487,"comment_status":"closed","ping_status":"closed","template":"","meta":{"_seopress_robots_primary_cat":"none","_seopress_titles_title":"Waddox jumpsuit met V hals, boho bruid","_seopress_titles_desc":"Wil je je comfortabel voelen? Dan is deze jumpsuit van Alma Novia helemaal jouw ding! Met korte mouwen en lage rug voel je je super comfortabel!","_seopress_robots_index":""},"product_brand":[],"product_cat":[27],"product_tag":[34,35,32,36,31,37,38,33,39],"stijl":[218],"silhouet":[212,214],"merk":[204],"class_list":{"0":"post-2762","1":"product","2":"type-product","3":"status-publish","4":"has-post-thumbnail","6":"product_cat-jumpsuits","7":"product_tag-a-lijn","8":"product_tag-boho","9":"product_tag-bredere-pijpen","10":"product_tag-flowy","11":"product_tag-jumpsuit","12":"product_tag-klassiek","13":"product_tag-lage-rug","14":"product_tag-nonchalante-look","15":"product_tag-v-hals","16":"stijl-minimalistisch","17":"silhouet-jumpsuit","18":"silhouet-soepelvallend","19":"merk-alma-novia-by-rosa-clara","21":"first","22":"instock","23":"shipping-taxable","24":"product-type-simple"},"_links":{"self":[{"href":"https:\/\/lesagebridal.be\/fr\/wp-json\/wp\/v2\/product\/2762","targetHints":{"allow":["GET"]}}],"collection":[{"href":"https:\/\/lesagebridal.be\/fr\/wp-json\/wp\/v2\/product"}],"about":[{"href":"https:\/\/lesagebridal.be\/fr\/wp-json\/wp\/v2\/types\/product"}],"replies":[{"embeddable":true,"href":"https:\/\/lesagebridal.be\/fr\/wp-json\/wp\/v2\/comments?post=2762"}],"wp:featuredmedia":[{"embeddable":true,"href":"https:\/\/lesagebridal.be\/fr\/wp-json\/wp\/v2\/media\/1487"}],"wp:attachment":[{"href":"https:\/\/lesagebridal.be\/fr\/wp-json\/wp\/v2\/media?parent=2762"}],"wp:term":[{"taxonomy":"product_brand","embeddable":true,"href":"https:\/\/lesagebridal.be\/fr\/wp-json\/wp\/v2\/product_brand?post=2762"},{"taxonomy":"product_cat","embeddable":true,"href":"https:\/\/lesagebridal.be\/fr\/wp-json\/wp\/v2\/product_cat?post=2762"},{"taxonomy":"product_tag","embeddable":true,"href":"https:\/\/lesagebridal.be\/fr\/wp-json\/wp\/v2\/product_tag?post=2762"},{"taxonomy":"stijl","embeddable":true,"href":"https:\/\/lesagebridal.be\/fr\/wp-json\/wp\/v2\/stijl?post=2762"},{"taxonomy":"silhouet","embeddable":true,"href":"https:\/\/lesagebridal.be\/fr\/wp-json\/wp\/v2\/silhouet?post=2762"},{"taxonomy":"merk","embeddable":true,"href":"https:\/\/lesagebridal.be\/fr\/wp-json\/wp\/v2\/merk?post=2762"}],"curies":[{"name":"wp","href":"https:\/\/api.w.org\/{rel}","templated":true}]}}