{"id":2767,"date":"2024-12-25T10:48:15","date_gmt":"2024-12-25T09:48:15","guid":{"rendered":"https:\/\/lesagebridal.be\/?post_type=product&#038;p=2767"},"modified":"2025-04-07T12:24:28","modified_gmt":"2025-04-07T10:24:28","slug":"combinaison-24-31-jarice-jambes-larges-manches-longues-belge","status":"publish","type":"product","link":"https:\/\/lesagebridal.be\/fr\/trouwjurk-kopen\/aanbod\/jumpsuit-24-31-jarice-brede-pijpen-lange-mouwen-belgisch\/","title":{"rendered":"Sienne"},"content":{"rendered":"<div class=\"elementor-element elementor-element-cd48807 elementor-widget elementor-widget-jet-listing-dynamic-field\" data-id=\"cd48807\" data-element_type=\"widget\" data-widget_type=\"jet-listing-dynamic-field.default\">\n<div class=\"elementor-widget-container\">\n<div class=\"jet-listing jet-listing-dynamic-field display-inline\">\n<div class=\"jet-listing-dynamic-field__inline-wrap\">\n<div class=\"jet-listing-dynamic-field__content\">\n<p>Cette combinaison sophistiqu\u00e9e est l'\u00e9quilibre parfait entre l'\u00e9l\u00e9gance classique et la modernit\u00e9. Avec son magnifique corsage pliss\u00e9 et ses jambes l\u00e9g\u00e8rement plus larges, cette combinaison d\u00e9gage un charme sophistiqu\u00e9 et f\u00e9minin qui vous fera briller le jour de votre mariage. Les longues manches bouffantes ajoutent une touche ludique et romantique, vous permettant de faire une d\u00e9claration audacieuse sans compromettre le confort.<\/p>\n<\/div>\n<p>Art 24\/31 Jarice<\/p>\n<div class=\"jet-listing-dynamic-field__content\">\n<p>&nbsp;<\/p>\n<\/div>\n<\/div>\n<\/div>\n<\/div>\n<\/div>\n<div class=\"elementor-widget-container\"><\/div>","protected":false},"excerpt":{"rendered":"<p>Jarice<\/p>","protected":false},"featured_media":2765,"comment_status":"closed","ping_status":"closed","template":"","meta":{"_seopress_robots_primary_cat":"none","_seopress_titles_title":"Trouwjumpsuit met lange mouwen en brede pijpen van Jarice","_seopress_titles_desc":"De combinatie van pliss\u00e9-details, lange mouwen en brede pijpen maakt deze trouw jumpsuit van Jarice tot een echte eyecatcher die zowel stijlvol als praktisch is","_seopress_robots_index":""},"product_brand":[],"product_cat":[27],"product_tag":[32,31,155,153,156,154,39],"stijl":[215,217,219],"silhouet":[212],"merk":[205],"class_list":{"0":"post-2767","1":"product","2":"type-product","3":"status-publish","4":"has-post-thumbnail","6":"product_cat-jumpsuits","7":"product_tag-bredere-pijpen","8":"product_tag-jumpsuit","9":"product_tag-lange-mouwen","10":"product_tag-oudere-bruid","11":"product_tag-plisse","12":"product_tag-pofmouwen","13":"product_tag-v-hals","14":"stijl-dromerig","15":"stijl-klassevol","16":"stijl-romantisch","17":"silhouet-jumpsuit","18":"merk-jarice","20":"first","21":"instock","22":"shipping-taxable","23":"product-type-simple"},"_links":{"self":[{"href":"https:\/\/lesagebridal.be\/fr\/wp-json\/wp\/v2\/product\/2767","targetHints":{"allow":["GET"]}}],"collection":[{"href":"https:\/\/lesagebridal.be\/fr\/wp-json\/wp\/v2\/product"}],"about":[{"href":"https:\/\/lesagebridal.be\/fr\/wp-json\/wp\/v2\/types\/product"}],"replies":[{"embeddable":true,"href":"https:\/\/lesagebridal.be\/fr\/wp-json\/wp\/v2\/comments?post=2767"}],"wp:featuredmedia":[{"embeddable":true,"href":"https:\/\/lesagebridal.be\/fr\/wp-json\/wp\/v2\/media\/2765"}],"wp:attachment":[{"href":"https:\/\/lesagebridal.be\/fr\/wp-json\/wp\/v2\/media?parent=2767"}],"wp:term":[{"taxonomy":"product_brand","embeddable":true,"href":"https:\/\/lesagebridal.be\/fr\/wp-json\/wp\/v2\/product_brand?post=2767"},{"taxonomy":"product_cat","embeddable":true,"href":"https:\/\/lesagebridal.be\/fr\/wp-json\/wp\/v2\/product_cat?post=2767"},{"taxonomy":"product_tag","embeddable":true,"href":"https:\/\/lesagebridal.be\/fr\/wp-json\/wp\/v2\/product_tag?post=2767"},{"taxonomy":"stijl","embeddable":true,"href":"https:\/\/lesagebridal.be\/fr\/wp-json\/wp\/v2\/stijl?post=2767"},{"taxonomy":"silhouet","embeddable":true,"href":"https:\/\/lesagebridal.be\/fr\/wp-json\/wp\/v2\/silhouet?post=2767"},{"taxonomy":"merk","embeddable":true,"href":"https:\/\/lesagebridal.be\/fr\/wp-json\/wp\/v2\/merk?post=2767"}],"curies":[{"name":"wp","href":"https:\/\/api.w.org\/{rel}","templated":true}]}}