{"id":2809,"date":"2024-12-28T12:51:04","date_gmt":"2024-12-28T11:51:04","guid":{"rendered":"https:\/\/lesagebridal.be\/?post_type=product&#038;p=2809"},"modified":"2024-12-28T12:55:48","modified_gmt":"2024-12-28T11:55:48","slug":"collier-lovey-abrazi","status":"publish","type":"product","link":"https:\/\/lesagebridal.be\/fr\/trouwjurk-kopen\/aanbod\/lovey-ketting-abrazi\/","title":{"rendered":"Collier Lovey"},"content":{"rendered":"<p>Le collier Lovey est un collier sophistiqu\u00e9 pour la mari\u00e9e moderne, compos\u00e9 d'une cha\u00eene raffin\u00e9e et d'un magnifique cristal Swarovski et d'une perle. Le collier Lovey est disponible en plaqu\u00e9 rhodium, or 14kt ou or rose, et peut facilement \u00eatre assorti aux boucles d'oreilles Lovey.<\/p>\n<p>&nbsp;<\/p>\n<p>&nbsp;<\/p>","protected":false},"excerpt":{"rendered":"<p>Abrazi<\/p>","protected":false},"featured_media":2810,"comment_status":"closed","ping_status":"closed","template":"","meta":{"_seopress_robots_primary_cat":"none","_seopress_titles_title":"lovey ketting met Swarovski kristal- en parel","_seopress_titles_desc":"De Lovey Ketting is een verfijnde ketting voor de moderne bruid, gemaakt met een prachtige Swarovski-kristal- en parel verkrijgbaar bij Lesage Bridal","_seopress_robots_index":""},"product_brand":[],"product_cat":[48],"product_tag":[157,158,159,160,161],"stijl":[],"silhouet":[],"merk":[],"class_list":{"0":"post-2809","1":"product","2":"type-product","3":"status-publish","4":"has-post-thumbnail","6":"product_cat-juwelen-en-haaraccessoires","7":"product_tag-abrazi","8":"product_tag-goud","9":"product_tag-oorbellen","10":"product_tag-swarovski","11":"product_tag-trouwoorbellen","13":"first","14":"instock","15":"shipping-taxable","16":"purchasable","17":"product-type-simple"},"_links":{"self":[{"href":"https:\/\/lesagebridal.be\/fr\/wp-json\/wp\/v2\/product\/2809","targetHints":{"allow":["GET"]}}],"collection":[{"href":"https:\/\/lesagebridal.be\/fr\/wp-json\/wp\/v2\/product"}],"about":[{"href":"https:\/\/lesagebridal.be\/fr\/wp-json\/wp\/v2\/types\/product"}],"replies":[{"embeddable":true,"href":"https:\/\/lesagebridal.be\/fr\/wp-json\/wp\/v2\/comments?post=2809"}],"wp:featuredmedia":[{"embeddable":true,"href":"https:\/\/lesagebridal.be\/fr\/wp-json\/wp\/v2\/media\/2810"}],"wp:attachment":[{"href":"https:\/\/lesagebridal.be\/fr\/wp-json\/wp\/v2\/media?parent=2809"}],"wp:term":[{"taxonomy":"product_brand","embeddable":true,"href":"https:\/\/lesagebridal.be\/fr\/wp-json\/wp\/v2\/product_brand?post=2809"},{"taxonomy":"product_cat","embeddable":true,"href":"https:\/\/lesagebridal.be\/fr\/wp-json\/wp\/v2\/product_cat?post=2809"},{"taxonomy":"product_tag","embeddable":true,"href":"https:\/\/lesagebridal.be\/fr\/wp-json\/wp\/v2\/product_tag?post=2809"},{"taxonomy":"stijl","embeddable":true,"href":"https:\/\/lesagebridal.be\/fr\/wp-json\/wp\/v2\/stijl?post=2809"},{"taxonomy":"silhouet","embeddable":true,"href":"https:\/\/lesagebridal.be\/fr\/wp-json\/wp\/v2\/silhouet?post=2809"},{"taxonomy":"merk","embeddable":true,"href":"https:\/\/lesagebridal.be\/fr\/wp-json\/wp\/v2\/merk?post=2809"}],"curies":[{"name":"wp","href":"https:\/\/api.w.org\/{rel}","templated":true}]}}