{"id":2814,"date":"2024-12-28T13:00:30","date_gmt":"2024-12-28T12:00:30","guid":{"rendered":"https:\/\/lesagebridal.be\/?post_type=product&#038;p=2814"},"modified":"2024-12-28T13:07:32","modified_gmt":"2024-12-28T12:07:32","slug":"noeud-de-cheveux-donna-noeud-de-cheveux-donna-avec-peigne-a-la-place-du-voile-de-mariee-chez-lesage-bridal","status":"publish","type":"product","link":"https:\/\/lesagebridal.be\/fr\/trouwjurk-kopen\/aanbod\/donna-haarstrik-donna-strik-met-haarkam-ipv-bruidssluier-bij-lesage-bridal\/","title":{"rendered":"Brosse \u00e0 cheveux Donna"},"content":{"rendered":"<p>Le n\u0153ud de coiffure Donna est fabriqu\u00e9 \u00e0 la main en Italie \u00e0 partir de tulle italien ivoire, et agr\u00e9ment\u00e9 de perles soigneusement plac\u00e9es. Le design \u00e0 la fois classique et moderne et la texture douce du tulle en font la touche finale id\u00e9ale pour tout look de mari\u00e9e. Gr\u00e2ce au peigne \u00e0 cheveux attach\u00e9 au n\u0153ud, il est facile de remplacer votre tulle de mari\u00e9e par l'un de nos n\u0153uds, sans avoir \u00e0 refaire votre coiffure. Le choix parfait pour les mari\u00e9es qui souhaitent ajouter une touche de f\u00e9minit\u00e9 \u00e0 leur look de mariage.<\/p>\n<p>&nbsp;<\/p>\n<p>&nbsp;<\/p>","protected":false},"excerpt":{"rendered":"<p>Abrazi<\/p>","protected":false},"featured_media":2815,"comment_status":"closed","ping_status":"closed","template":"","meta":{"_seopress_robots_primary_cat":"none","_seopress_titles_title":"Donna: strik met haarkam ipv bruidssluier bij Lesage Bridal","_seopress_titles_desc":"Dankzij de haarkam die aan de haarstrik is bevestigd, is het eenvoudig om je bruidssluier te verwisselen met deze strik, zonder je kapsel opnieuw te hoeven doen","_seopress_robots_index":""},"product_brand":[],"product_cat":[48],"product_tag":[157,165,168,164,167,166],"stijl":[],"silhouet":[],"merk":[],"class_list":{"0":"post-2814","1":"product","2":"type-product","3":"status-publish","4":"has-post-thumbnail","6":"product_cat-juwelen-en-haaraccessoires","7":"product_tag-abrazi","8":"product_tag-bruidssluier","9":"product_tag-haarkam","10":"product_tag-haarstrik","11":"product_tag-strik-in-het-haar","12":"product_tag-trouwkapsel","14":"first","15":"instock","16":"shipping-taxable","17":"purchasable","18":"product-type-simple"},"_links":{"self":[{"href":"https:\/\/lesagebridal.be\/fr\/wp-json\/wp\/v2\/product\/2814","targetHints":{"allow":["GET"]}}],"collection":[{"href":"https:\/\/lesagebridal.be\/fr\/wp-json\/wp\/v2\/product"}],"about":[{"href":"https:\/\/lesagebridal.be\/fr\/wp-json\/wp\/v2\/types\/product"}],"replies":[{"embeddable":true,"href":"https:\/\/lesagebridal.be\/fr\/wp-json\/wp\/v2\/comments?post=2814"}],"wp:featuredmedia":[{"embeddable":true,"href":"https:\/\/lesagebridal.be\/fr\/wp-json\/wp\/v2\/media\/2815"}],"wp:attachment":[{"href":"https:\/\/lesagebridal.be\/fr\/wp-json\/wp\/v2\/media?parent=2814"}],"wp:term":[{"taxonomy":"product_brand","embeddable":true,"href":"https:\/\/lesagebridal.be\/fr\/wp-json\/wp\/v2\/product_brand?post=2814"},{"taxonomy":"product_cat","embeddable":true,"href":"https:\/\/lesagebridal.be\/fr\/wp-json\/wp\/v2\/product_cat?post=2814"},{"taxonomy":"product_tag","embeddable":true,"href":"https:\/\/lesagebridal.be\/fr\/wp-json\/wp\/v2\/product_tag?post=2814"},{"taxonomy":"stijl","embeddable":true,"href":"https:\/\/lesagebridal.be\/fr\/wp-json\/wp\/v2\/stijl?post=2814"},{"taxonomy":"silhouet","embeddable":true,"href":"https:\/\/lesagebridal.be\/fr\/wp-json\/wp\/v2\/silhouet?post=2814"},{"taxonomy":"merk","embeddable":true,"href":"https:\/\/lesagebridal.be\/fr\/wp-json\/wp\/v2\/merk?post=2814"}],"curies":[{"name":"wp","href":"https:\/\/api.w.org\/{rel}","templated":true}]}}