{"id":2820,"date":"2024-12-28T13:10:16","date_gmt":"2024-12-28T12:10:16","guid":{"rendered":"https:\/\/lesagebridal.be\/?post_type=product&#038;p=2820"},"modified":"2024-12-28T13:16:50","modified_gmt":"2024-12-28T12:16:50","slug":"rory-haarband-bruidsaccessoire-voor-in-het-haar-van-abrazi-zilver-of-goud","status":"publish","type":"product","link":"https:\/\/lesagebridal.be\/fr\/trouwjurk-kopen\/aanbod\/rory-haarband-bruidsaccessoire-voor-in-het-haar-van-abrazi-zilver-of-goud\/","title":{"rendered":"Bandeau Rory"},"content":{"rendered":"<p>Le bandeau Rory est un article accrocheur de notre collection nuptiale, fabriqu\u00e9 en m\u00e9tal dor\u00e9 pliable. Ce bandeau peut \u00eatre torsad\u00e9 dans des boucles l\u00e2ches ou plac\u00e9 dans un chignon pour compl\u00e9ter le look de votre grand jour.<\/p>\n<p>&nbsp;<\/p>\n<p>&nbsp;<\/p>","protected":false},"excerpt":{"rendered":"<p>Abrazi<\/p>","protected":false},"featured_media":2821,"comment_status":"closed","ping_status":"closed","template":"","meta":{"_seopress_robots_primary_cat":"none","_seopress_titles_title":"pareltjes van goud-of zilverkleurig metaal- bruidskapsel","_seopress_titles_desc":"De haarband is gemaakt van buigzaam goud- of zilverkleurig metaal. Dit bandje kan in losse krullen worden gedraaid of in een knot. Verkrijgbaar bij Lesage Bridal","_seopress_robots_index":""},"product_brand":[],"product_cat":[48],"product_tag":[157,169,170,168,166],"stijl":[],"silhouet":[],"merk":[],"class_list":{"0":"post-2820","1":"product","2":"type-product","3":"status-publish","4":"has-post-thumbnail","6":"product_cat-juwelen-en-haaraccessoires","7":"product_tag-abrazi","8":"product_tag-haaraccessoire","9":"product_tag-haaraccessoires-pareltjes","10":"product_tag-haarkam","11":"product_tag-trouwkapsel","13":"first","14":"instock","15":"shipping-taxable","16":"purchasable","17":"product-type-simple"},"_links":{"self":[{"href":"https:\/\/lesagebridal.be\/fr\/wp-json\/wp\/v2\/product\/2820","targetHints":{"allow":["GET"]}}],"collection":[{"href":"https:\/\/lesagebridal.be\/fr\/wp-json\/wp\/v2\/product"}],"about":[{"href":"https:\/\/lesagebridal.be\/fr\/wp-json\/wp\/v2\/types\/product"}],"replies":[{"embeddable":true,"href":"https:\/\/lesagebridal.be\/fr\/wp-json\/wp\/v2\/comments?post=2820"}],"wp:featuredmedia":[{"embeddable":true,"href":"https:\/\/lesagebridal.be\/fr\/wp-json\/wp\/v2\/media\/2821"}],"wp:attachment":[{"href":"https:\/\/lesagebridal.be\/fr\/wp-json\/wp\/v2\/media?parent=2820"}],"wp:term":[{"taxonomy":"product_brand","embeddable":true,"href":"https:\/\/lesagebridal.be\/fr\/wp-json\/wp\/v2\/product_brand?post=2820"},{"taxonomy":"product_cat","embeddable":true,"href":"https:\/\/lesagebridal.be\/fr\/wp-json\/wp\/v2\/product_cat?post=2820"},{"taxonomy":"product_tag","embeddable":true,"href":"https:\/\/lesagebridal.be\/fr\/wp-json\/wp\/v2\/product_tag?post=2820"},{"taxonomy":"stijl","embeddable":true,"href":"https:\/\/lesagebridal.be\/fr\/wp-json\/wp\/v2\/stijl?post=2820"},{"taxonomy":"silhouet","embeddable":true,"href":"https:\/\/lesagebridal.be\/fr\/wp-json\/wp\/v2\/silhouet?post=2820"},{"taxonomy":"merk","embeddable":true,"href":"https:\/\/lesagebridal.be\/fr\/wp-json\/wp\/v2\/merk?post=2820"}],"curies":[{"name":"wp","href":"https:\/\/api.w.org\/{rel}","templated":true}]}}