{"id":3508,"date":"2025-04-13T08:08:29","date_gmt":"2025-04-13T06:08:29","guid":{"rendered":"https:\/\/lesagebridal.be\/?post_type=product&#038;p=3508"},"modified":"2025-04-13T08:18:39","modified_gmt":"2025-04-13T06:18:39","slug":"foulard-s174","status":"publish","type":"product","link":"https:\/\/lesagebridal.be\/fr\/trouwjurk-kopen\/aanbod\/sjaal-s174\/","title":{"rendered":"Foulard S174"},"content":{"rendered":"<p>Vous cherchez une \u00e9charpe fine et tricot\u00e9e en ivoire ?<\/p>\n<div id=\"collapse_3\" class=\"panel-collapse collapse show\" role=\"tabpanel\" aria-labelledby=\"heading_3\">\n<div class=\"info-block full-width\">\n<div class=\"info-block--item\">\n<p>Alors l'\u00e9tole tricot\u00e9e S174 est ce que vous recherchez. Cette \u00e9tole est fabriqu\u00e9e en fil acrylique 100% et est disponible en couleur ivoire. Les dimensions de l'\u00e9tole sont les suivantes 210 x 60 cm. L'\u00e9tole est un excellent accessoire de mariage, mais elle vous tient \u00e9galement au chaud lorsque la nuit tombe. En bref, cette \u00e9tole est \u00e0 la fois un accessoire et un article pratique.<\/p>\n<\/div>\n<\/div>\n<\/div>","protected":false},"excerpt":{"rendered":"<p>Poirier<\/p>","protected":false},"featured_media":3509,"comment_status":"closed","ping_status":"closed","template":"","meta":{"_seopress_robots_primary_cat":"none","_seopress_titles_title":"","_seopress_titles_desc":"De top heeft een V-hals met plooitjes onder de borst die mooi doorlopen in de rok en je de zwierige uitstraling geven.","_seopress_robots_index":""},"product_brand":[],"product_cat":[104,49],"product_tag":[34,41,35,37,38,33,40,43,39,45,44],"stijl":[],"silhouet":[],"merk":[],"class_list":{"0":"post-3508","1":"product","2":"type-product","3":"status-publish","4":"has-post-thumbnail","6":"product_cat-overige-accesoires","7":"product_cat-sjaals-en-vestjes","8":"product_tag-a-lijn","9":"product_tag-adriana-alier","10":"product_tag-boho","11":"product_tag-klassiek","12":"product_tag-lage-rug","13":"product_tag-nonchalante-look","14":"product_tag-rosa-clara","15":"product_tag-trouwjurk","16":"product_tag-v-hals","17":"product_tag-wikkeljurk","18":"product_tag-wikkeltrouwjurk","20":"first","21":"instock","22":"shipping-taxable","23":"product-type-simple"},"_links":{"self":[{"href":"https:\/\/lesagebridal.be\/fr\/wp-json\/wp\/v2\/product\/3508","targetHints":{"allow":["GET"]}}],"collection":[{"href":"https:\/\/lesagebridal.be\/fr\/wp-json\/wp\/v2\/product"}],"about":[{"href":"https:\/\/lesagebridal.be\/fr\/wp-json\/wp\/v2\/types\/product"}],"replies":[{"embeddable":true,"href":"https:\/\/lesagebridal.be\/fr\/wp-json\/wp\/v2\/comments?post=3508"}],"wp:featuredmedia":[{"embeddable":true,"href":"https:\/\/lesagebridal.be\/fr\/wp-json\/wp\/v2\/media\/3509"}],"wp:attachment":[{"href":"https:\/\/lesagebridal.be\/fr\/wp-json\/wp\/v2\/media?parent=3508"}],"wp:term":[{"taxonomy":"product_brand","embeddable":true,"href":"https:\/\/lesagebridal.be\/fr\/wp-json\/wp\/v2\/product_brand?post=3508"},{"taxonomy":"product_cat","embeddable":true,"href":"https:\/\/lesagebridal.be\/fr\/wp-json\/wp\/v2\/product_cat?post=3508"},{"taxonomy":"product_tag","embeddable":true,"href":"https:\/\/lesagebridal.be\/fr\/wp-json\/wp\/v2\/product_tag?post=3508"},{"taxonomy":"stijl","embeddable":true,"href":"https:\/\/lesagebridal.be\/fr\/wp-json\/wp\/v2\/stijl?post=3508"},{"taxonomy":"silhouet","embeddable":true,"href":"https:\/\/lesagebridal.be\/fr\/wp-json\/wp\/v2\/silhouet?post=3508"},{"taxonomy":"merk","embeddable":true,"href":"https:\/\/lesagebridal.be\/fr\/wp-json\/wp\/v2\/merk?post=3508"}],"curies":[{"name":"wp","href":"https:\/\/api.w.org\/{rel}","templated":true}]}}