{"id":3530,"date":"2025-04-13T09:36:11","date_gmt":"2025-04-13T07:36:11","guid":{"rendered":"https:\/\/lesagebridal.be\/?post_type=product&#038;p=3530"},"modified":"2025-04-13T09:44:39","modified_gmt":"2025-04-13T07:44:39","slug":"cardigan-chic","status":"publish","type":"product","link":"https:\/\/lesagebridal.be\/fr\/trouwjurk-kopen\/aanbod\/classy-vestje\/","title":{"rendered":"Veste de classe"},"content":{"rendered":"<p class=\"\" data-start=\"77\" data-end=\"115\"><strong data-start=\"77\" data-end=\"115\">Chic, extensible et pr\u00eat \u00e0 briller ! \u2728<\/strong><\/p>\n<p class=\"\" data-start=\"117\" data-end=\"528\">Cette veste extr\u00eamement \u00e9l\u00e9gante est la couche parfaite pour les mari\u00e9es qui ont du style et du cran. Fabriqu\u00e9e en cr\u00eape extensible de haute qualit\u00e9, elle vous va comme un gant - confortable et \u00e9l\u00e9gante \u00e0 la fois.<\/p>\n<p class=\"\" data-start=\"117\" data-end=\"528\">L'encolure ouverte lui conf\u00e8re une allure moderne et d\u00e9contract\u00e9e, parfaite pour laisser briller votre robe (et vous-m\u00eame !). Id\u00e9al pour les moments de fra\u00eecheur \u00e0 l'ext\u00e9rieur ou simplement pour affirmer son style.<\/p>\n<p class=\"\" data-start=\"117\" data-end=\"528\">Car dites-le vous-m\u00eame : qui a dit qu'une veste devait \u00eatre ennuyeuse ?<\/p>","protected":false},"excerpt":{"rendered":"<p>Chic, stretchy &amp; ready to shine! \u2728 Dit uiterst klassevol jasje is het perfecte laagje voor bruiden met stijl \u00e9n lef. Gemaakt van hoogwaardig stretch cr\u00eape zit \u2018ie als gegoten \u2013 comfortabel \u00e9n elegant tegelijk. De open halslijn geeft \u2018m een luchtige, moderne vibe, perfect om jouw jurk (en jezelf!) te laten stralen. Ideaal voor [&hellip;]<\/p>\n","protected":false},"featured_media":3531,"comment_status":"closed","ping_status":"closed","template":"","meta":{"_seopress_robots_primary_cat":"none","_seopress_titles_title":"Ontdek onze bruidsjasjes en sjaals bij Lesage Bridal","_seopress_titles_desc":"Klassevol 'chanel-look' wollen jasje. Dit gebreide vestje met lange mouwen is d\u00e9 finishing touch voor jouw bridal look (of elke andere fancy outfit)","_seopress_robots_index":""},"product_brand":[],"product_cat":[104,49],"product_tag":[272,273,271,274,276,275,260],"stijl":[],"silhouet":[],"merk":[],"class_list":{"0":"post-3530","1":"product","2":"type-product","3":"status-publish","4":"has-post-thumbnail","6":"product_cat-overige-accesoires","7":"product_cat-sjaals-en-vestjes","8":"product_tag-bianco","9":"product_tag-bridal-jacket","10":"product_tag-bruidsjasje","11":"product_tag-chanel","12":"product_tag-chique","13":"product_tag-klassevol","14":"product_tag-romantisch","16":"first","17":"instock","18":"shipping-taxable","19":"product-type-simple"},"_links":{"self":[{"href":"https:\/\/lesagebridal.be\/fr\/wp-json\/wp\/v2\/product\/3530","targetHints":{"allow":["GET"]}}],"collection":[{"href":"https:\/\/lesagebridal.be\/fr\/wp-json\/wp\/v2\/product"}],"about":[{"href":"https:\/\/lesagebridal.be\/fr\/wp-json\/wp\/v2\/types\/product"}],"replies":[{"embeddable":true,"href":"https:\/\/lesagebridal.be\/fr\/wp-json\/wp\/v2\/comments?post=3530"}],"wp:featuredmedia":[{"embeddable":true,"href":"https:\/\/lesagebridal.be\/fr\/wp-json\/wp\/v2\/media\/3531"}],"wp:attachment":[{"href":"https:\/\/lesagebridal.be\/fr\/wp-json\/wp\/v2\/media?parent=3530"}],"wp:term":[{"taxonomy":"product_brand","embeddable":true,"href":"https:\/\/lesagebridal.be\/fr\/wp-json\/wp\/v2\/product_brand?post=3530"},{"taxonomy":"product_cat","embeddable":true,"href":"https:\/\/lesagebridal.be\/fr\/wp-json\/wp\/v2\/product_cat?post=3530"},{"taxonomy":"product_tag","embeddable":true,"href":"https:\/\/lesagebridal.be\/fr\/wp-json\/wp\/v2\/product_tag?post=3530"},{"taxonomy":"stijl","embeddable":true,"href":"https:\/\/lesagebridal.be\/fr\/wp-json\/wp\/v2\/stijl?post=3530"},{"taxonomy":"silhouet","embeddable":true,"href":"https:\/\/lesagebridal.be\/fr\/wp-json\/wp\/v2\/silhouet?post=3530"},{"taxonomy":"merk","embeddable":true,"href":"https:\/\/lesagebridal.be\/fr\/wp-json\/wp\/v2\/merk?post=3530"}],"curies":[{"name":"wp","href":"https:\/\/api.w.org\/{rel}","templated":true}]}}