{"id":3561,"date":"2025-04-13T11:26:16","date_gmt":"2025-04-13T09:26:16","guid":{"rendered":"https:\/\/lesagebridal.be\/?post_type=product&#038;p=3561"},"modified":"2025-04-13T11:30:27","modified_gmt":"2025-04-13T09:30:27","slug":"marlyn-elegant-wedding-shoe","status":"publish","type":"product","link":"https:\/\/lesagebridal.be\/fr\/trouwjurk-kopen\/aanbod\/marlyn-elegante-bruidsschoen\/","title":{"rendered":"Marlyn"},"content":{"rendered":"<p class=\"\" data-start=\"120\" data-end=\"540\"><strong data-start=\"123\" data-end=\"167\">Marlyn - Une touche d'or, beaucoup de glam !<\/strong> \ud83d\udc9b<\/p>\n<p class=\"\" data-start=\"120\" data-end=\"540\"><br data-start=\"170\" data-end=\"173\" \/>L'or est toujours une bonne id\u00e9e - et Marlyn le prouve totalement !<\/p>\n<p class=\"\" data-start=\"120\" data-end=\"540\">Cette \u00e9l\u00e9gante chaussure de mariage de Rainbow Club est fabriqu\u00e9e en satin ivoire radieux, avec des d\u00e9tails dor\u00e9s chics et un talon fin de 7,5 cm. Le bout ferm\u00e9 cr\u00e9e une allure intemporelle, tandis que le doux talon de 7,5 cm. <em data-start=\"447\" data-end=\"454\">F\u00e9licit\u00e9<\/em>-lining vous fera marcher sur des nuages, du \"je le veux\" au dernier mouvement de danse.<\/p>\n<p class=\"\" data-start=\"542\" data-end=\"722\">Et vous savez ce qui est encore plus amusant ? Apr\u00e8s le grand jour, portez \u00e0 nouveau Marlyn !<\/p>\n<p class=\"\" data-start=\"907\" data-end=\"1009\">Rayonnante, \u00e9l\u00e9gante et tr\u00e8s confortable, Marlyn est votre billet d'or pour une journ\u00e9e inoubliable.<\/p>","protected":false},"excerpt":{"rendered":"<p>Marlyn \u2013 A touch of gold, a lot of glam! \ud83d\udc9b Gold is always a good idea \u2013 en Marlyn bewijst dat helemaal! Deze elegante bruidsschoen van Rainbow Club is gemaakt van stralend ivoorsatijn met chique gouden details en een slanke hak van 7,5 cm. De gesloten neus zorgt voor een tijdloze look, terwijl de [&hellip;]<\/p>\n","protected":false},"featured_media":3562,"comment_status":"closed","ping_status":"closed","template":"","meta":{"_seopress_robots_primary_cat":"none","_seopress_titles_title":"Marlyn vintage bruidsschoenen van Fiarucci","_seopress_titles_desc":"Ontdek deze bruidsschoenen met speelse gouden details en comfy 6,5 cm blokhak met romantische goudaccenten.","_seopress_robots_index":""},"product_brand":[],"product_cat":[50],"product_tag":[282,283,290,280,281],"stijl":[],"silhouet":[],"merk":[],"class_list":{"0":"post-3561","1":"product","2":"type-product","3":"status-publish","4":"has-post-thumbnail","6":"product_cat-bruidsschoenen","7":"product_tag-bruidsschoenen","8":"product_tag-elsa-coloured-shoes","9":"product_tag-marlyn","10":"product_tag-rainbow-club","11":"product_tag-schoen","13":"first","14":"instock","15":"shipping-taxable","16":"product-type-simple"},"_links":{"self":[{"href":"https:\/\/lesagebridal.be\/fr\/wp-json\/wp\/v2\/product\/3561","targetHints":{"allow":["GET"]}}],"collection":[{"href":"https:\/\/lesagebridal.be\/fr\/wp-json\/wp\/v2\/product"}],"about":[{"href":"https:\/\/lesagebridal.be\/fr\/wp-json\/wp\/v2\/types\/product"}],"replies":[{"embeddable":true,"href":"https:\/\/lesagebridal.be\/fr\/wp-json\/wp\/v2\/comments?post=3561"}],"wp:featuredmedia":[{"embeddable":true,"href":"https:\/\/lesagebridal.be\/fr\/wp-json\/wp\/v2\/media\/3562"}],"wp:attachment":[{"href":"https:\/\/lesagebridal.be\/fr\/wp-json\/wp\/v2\/media?parent=3561"}],"wp:term":[{"taxonomy":"product_brand","embeddable":true,"href":"https:\/\/lesagebridal.be\/fr\/wp-json\/wp\/v2\/product_brand?post=3561"},{"taxonomy":"product_cat","embeddable":true,"href":"https:\/\/lesagebridal.be\/fr\/wp-json\/wp\/v2\/product_cat?post=3561"},{"taxonomy":"product_tag","embeddable":true,"href":"https:\/\/lesagebridal.be\/fr\/wp-json\/wp\/v2\/product_tag?post=3561"},{"taxonomy":"stijl","embeddable":true,"href":"https:\/\/lesagebridal.be\/fr\/wp-json\/wp\/v2\/stijl?post=3561"},{"taxonomy":"silhouet","embeddable":true,"href":"https:\/\/lesagebridal.be\/fr\/wp-json\/wp\/v2\/silhouet?post=3561"},{"taxonomy":"merk","embeddable":true,"href":"https:\/\/lesagebridal.be\/fr\/wp-json\/wp\/v2\/merk?post=3561"}],"curies":[{"name":"wp","href":"https:\/\/api.w.org\/{rel}","templated":true}]}}