{"id":3568,"date":"2025-04-13T11:35:35","date_gmt":"2025-04-13T09:35:35","guid":{"rendered":"https:\/\/lesagebridal.be\/?post_type=product&#038;p=3568"},"modified":"2025-04-13T11:40:02","modified_gmt":"2025-04-13T09:40:02","slug":"rania-chaussures-de-mariage-en-satin-arc-en-ciel","status":"publish","type":"product","link":"https:\/\/lesagebridal.be\/fr\/trouwjurk-kopen\/aanbod\/rania-satijnen-bruidsschoenen-rainbow\/","title":{"rendered":"Rania"},"content":{"rendered":"<p class=\"\" data-start=\"134\" data-end=\"485\"><strong data-start=\"136\" data-end=\"184\">Rania - Classique avec une touche p\u00e9tillante !<\/strong> \u2728<\/p>\n<p class=\"\" data-start=\"134\" data-end=\"485\"><br data-start=\"186\" data-end=\"189\" \/>Pour la future mari\u00e9e qui aime l'\u00e9l\u00e9gance intemporelle et un peu d'\u00e9clat, il y a Rania - l'escarpin de mariage en satin de la collection Rainbow Club. Cette beaut\u00e9 a un bout ferm\u00e9, un talon \u00e9l\u00e9gant de 8,5 cm et des lani\u00e8res scintillantes en paillettes argent\u00e9es qui se croisent de fa\u00e7on ludique sur le cou-de-pied.<\/p>\n<p class=\"\" data-start=\"487\" data-end=\"699\">Gr\u00e2ce \u00e0 la doublure Soft Bliss et \u00e0 la d\u00e9licate bride cheville, Rania vous ira comme un gant, m\u00eame pendant cette longue soir\u00e9e de danse avec votre grand amour.<\/p>\n<p class=\"\" data-start=\"487\" data-end=\"699\">Pas de pieds endoloris, mais un look \u00e9tincelant !<\/p>","protected":false},"excerpt":{"rendered":"<p>Rania \u2013 Klassiek met een sprankelende twist! \u2728 Voor de bride-to-be die houdt van tijdloze elegantie \u00e9n een beetje sparkle is er Rania \u2013 d\u00e9 satijnen bruidspump uit de Rainbow Club collectie. Deze beauty heeft een gesloten neus, een elegante hak van 8,5 cm en schitterende zilveren glitterbandjes die speels kruisen over de wreef. Dankzij [&hellip;]<\/p>\n","protected":false},"featured_media":3569,"comment_status":"closed","ping_status":"closed","template":"","meta":{"_seopress_robots_primary_cat":"none","_seopress_titles_title":"Rania klassevolle bruidsschoenen van Rainbow club","_seopress_titles_desc":"Deze satijnen schoen in klassiek ivoor heeft een subtiel spitse neus, een charmante 6,5 cm fijne hak en een tijdloze gesloten vorm met zilveren glitterrandje.","_seopress_robots_index":""},"product_brand":[],"product_cat":[50],"product_tag":[282,283,280,291,281],"stijl":[],"silhouet":[],"merk":[],"class_list":{"0":"post-3568","1":"product","2":"type-product","3":"status-publish","4":"has-post-thumbnail","6":"product_cat-bruidsschoenen","7":"product_tag-bruidsschoenen","8":"product_tag-elsa-coloured-shoes","9":"product_tag-rainbow-club","10":"product_tag-rania","11":"product_tag-schoen","13":"first","14":"instock","15":"shipping-taxable","16":"product-type-simple"},"_links":{"self":[{"href":"https:\/\/lesagebridal.be\/fr\/wp-json\/wp\/v2\/product\/3568","targetHints":{"allow":["GET"]}}],"collection":[{"href":"https:\/\/lesagebridal.be\/fr\/wp-json\/wp\/v2\/product"}],"about":[{"href":"https:\/\/lesagebridal.be\/fr\/wp-json\/wp\/v2\/types\/product"}],"replies":[{"embeddable":true,"href":"https:\/\/lesagebridal.be\/fr\/wp-json\/wp\/v2\/comments?post=3568"}],"wp:featuredmedia":[{"embeddable":true,"href":"https:\/\/lesagebridal.be\/fr\/wp-json\/wp\/v2\/media\/3569"}],"wp:attachment":[{"href":"https:\/\/lesagebridal.be\/fr\/wp-json\/wp\/v2\/media?parent=3568"}],"wp:term":[{"taxonomy":"product_brand","embeddable":true,"href":"https:\/\/lesagebridal.be\/fr\/wp-json\/wp\/v2\/product_brand?post=3568"},{"taxonomy":"product_cat","embeddable":true,"href":"https:\/\/lesagebridal.be\/fr\/wp-json\/wp\/v2\/product_cat?post=3568"},{"taxonomy":"product_tag","embeddable":true,"href":"https:\/\/lesagebridal.be\/fr\/wp-json\/wp\/v2\/product_tag?post=3568"},{"taxonomy":"stijl","embeddable":true,"href":"https:\/\/lesagebridal.be\/fr\/wp-json\/wp\/v2\/stijl?post=3568"},{"taxonomy":"silhouet","embeddable":true,"href":"https:\/\/lesagebridal.be\/fr\/wp-json\/wp\/v2\/silhouet?post=3568"},{"taxonomy":"merk","embeddable":true,"href":"https:\/\/lesagebridal.be\/fr\/wp-json\/wp\/v2\/merk?post=3568"}],"curies":[{"name":"wp","href":"https:\/\/api.w.org\/{rel}","templated":true}]}}