{"id":3580,"date":"2025-04-13T13:11:31","date_gmt":"2025-04-13T11:11:31","guid":{"rendered":"https:\/\/lesagebridal.be\/?post_type=product&#038;p=3580"},"modified":"2025-04-13T13:16:35","modified_gmt":"2025-04-13T11:16:35","slug":"chaussure-de-mariage-khloe-en-satin-avec-talon-bas","status":"publish","type":"product","link":"https:\/\/lesagebridal.be\/fr\/trouwjurk-kopen\/aanbod\/khloe-satijnen-bruidsschoen-met-lage-hak\/","title":{"rendered":"Khlo\u00e9"},"content":{"rendered":"<p class=\"\" data-start=\"66\" data-end=\"112\"><strong data-start=\"66\" data-end=\"110\">Khloe - L'\u00e9l\u00e9gance avec une touche d'espi\u00e8glerie !<\/strong> \u2728<\/p>\n<p class=\"\" data-start=\"114\" data-end=\"390\">Vous cherchez une chaussure de mariage \u00e0 la fois \u00e9l\u00e9gante et tr\u00e8s confortable ?<\/p>\n<p class=\"\" data-start=\"114\" data-end=\"390\">Dites bonjour \u00e0 Khloe, le nouvel incontournable de la collection Rainbow Club. Cette beaut\u00e9 ivoire est compos\u00e9e de satin luxueux et de dentelle d\u00e9licate, pour un look romantique et intemporel.<\/p>\n<p class=\"\" data-start=\"392\" data-end=\"638\">Avec son talon bas de 1,5 cm, Khloe est id\u00e9ale pour les mari\u00e9es qui veulent rayonner de l'autel \u00e0 la piste de danse sans souffrir de pieds fatigu\u00e9s. \u00c9l\u00e9gante, confortable et juste un peu diff\u00e9rente - Khloe est votre force silencieuse pour le grand jour. \ud83d\udc95<\/p>","protected":false},"excerpt":{"rendered":"<p>Khloe \u2013 Elegantie met een speelse twist! \u2728 Ben jij op zoek naar een bruidsschoen die stijlvol \u00e9n supercomfortabel is? Say hello to Khloe \u2013 de charmante nieuwe must-have uit de Rainbow Club collectie. Deze ivoorkleurige beauty is gemaakt van luxe satijn en verfijnd kant, voor een romantische \u00e9n tijdloze look. Met haar lage hak [&hellip;]<\/p>\n","protected":false},"featured_media":3581,"comment_status":"closed","ping_status":"closed","template":"","meta":{"_seopress_robots_primary_cat":"none","_seopress_titles_title":"Khloe: bruidsschoenen Rainbow Shoes","_seopress_titles_desc":"De subtiele satijnglans geeft je look een dreamy touch maar met de lage hak blijft het toch comfortabel doorheen je hele huwelijksdag","_seopress_robots_index":""},"product_brand":[],"product_cat":[50],"product_tag":[282,298,299,280,237,281],"stijl":[],"silhouet":[],"merk":[],"class_list":{"0":"post-3580","1":"product","2":"type-product","3":"status-publish","4":"has-post-thumbnail","6":"product_cat-bruidsschoenen","7":"product_tag-bruidsschoenen","8":"product_tag-khloe","9":"product_tag-lage-hak","10":"product_tag-rainbow-club","11":"product_tag-satijn","12":"product_tag-schoen","14":"first","15":"instock","16":"shipping-taxable","17":"product-type-simple"},"_links":{"self":[{"href":"https:\/\/lesagebridal.be\/fr\/wp-json\/wp\/v2\/product\/3580","targetHints":{"allow":["GET"]}}],"collection":[{"href":"https:\/\/lesagebridal.be\/fr\/wp-json\/wp\/v2\/product"}],"about":[{"href":"https:\/\/lesagebridal.be\/fr\/wp-json\/wp\/v2\/types\/product"}],"replies":[{"embeddable":true,"href":"https:\/\/lesagebridal.be\/fr\/wp-json\/wp\/v2\/comments?post=3580"}],"wp:featuredmedia":[{"embeddable":true,"href":"https:\/\/lesagebridal.be\/fr\/wp-json\/wp\/v2\/media\/3581"}],"wp:attachment":[{"href":"https:\/\/lesagebridal.be\/fr\/wp-json\/wp\/v2\/media?parent=3580"}],"wp:term":[{"taxonomy":"product_brand","embeddable":true,"href":"https:\/\/lesagebridal.be\/fr\/wp-json\/wp\/v2\/product_brand?post=3580"},{"taxonomy":"product_cat","embeddable":true,"href":"https:\/\/lesagebridal.be\/fr\/wp-json\/wp\/v2\/product_cat?post=3580"},{"taxonomy":"product_tag","embeddable":true,"href":"https:\/\/lesagebridal.be\/fr\/wp-json\/wp\/v2\/product_tag?post=3580"},{"taxonomy":"stijl","embeddable":true,"href":"https:\/\/lesagebridal.be\/fr\/wp-json\/wp\/v2\/stijl?post=3580"},{"taxonomy":"silhouet","embeddable":true,"href":"https:\/\/lesagebridal.be\/fr\/wp-json\/wp\/v2\/silhouet?post=3580"},{"taxonomy":"merk","embeddable":true,"href":"https:\/\/lesagebridal.be\/fr\/wp-json\/wp\/v2\/merk?post=3580"}],"curies":[{"name":"wp","href":"https:\/\/api.w.org\/{rel}","templated":true}]}}