{"id":3598,"date":"2025-04-13T13:43:00","date_gmt":"2025-04-13T11:43:00","guid":{"rendered":"https:\/\/lesagebridal.be\/?post_type=product&#038;p=3598"},"modified":"2025-04-13T13:46:31","modified_gmt":"2025-04-13T11:46:31","slug":"hellen-elegante-bruidsschoenen","status":"publish","type":"product","link":"https:\/\/lesagebridal.be\/fr\/trouwjurk-kopen\/aanbod\/hellen-elegante-bruidsschoenen\/","title":{"rendered":"Hellen"},"content":{"rendered":"<p class=\"\" data-start=\"111\" data-end=\"484\"><strong data-start=\"111\" data-end=\"154\">Hellen \u2013 Modern, comfy &amp; made to twirl!<\/strong> \ud83d\udc83\u2728<\/p>\n<p class=\"\" data-start=\"111\" data-end=\"484\"><br data-start=\"158\" data-end=\"161\" \/>Ga jij voor een vleugje modern chic op je grote dag? Dan is Hellen jouw match made in bridal heaven! Deze prachtige satijnen bruidsschoen in ivoor heeft elegante gekruiste bandjes, een stabiele blokhak van 6,5 cm \u00e9n een zachte <em data-start=\"400\" data-end=\"407\">F\u00e9licit\u00e9<\/em>-voering aan de binnenkant.<\/p>\n<p class=\"\" data-start=\"111\" data-end=\"484\">Resultaat? Comfort \u00e9n stijl in \u00e9\u00e9n stralend paar!<\/p>\n<p class=\"\" data-start=\"486\" data-end=\"680\">Of je nu het altaar opzweeft of de dansvloer verovert \u2013 met Hellen doe je het op wolkjes.<\/p>","protected":false},"excerpt":{"rendered":"<p>Hellen \u2013 Modern, comfy &amp; made to twirl! \ud83d\udc83\u2728 Ga jij voor een vleugje modern chic op je grote dag? Dan is Hellen jouw match made in bridal heaven! Deze prachtige satijnen bruidsschoen in ivoor heeft elegante gekruiste bandjes, een stabiele blokhak van 6,5 cm \u00e9n een zachte Bliss-voering aan de binnenkant. Resultaat? Comfort \u00e9n [&hellip;]<\/p>\n","protected":false},"featured_media":3599,"comment_status":"closed","ping_status":"closed","template":"","meta":{"_seopress_robots_primary_cat":"none","_seopress_titles_title":"Hellen klassevolle bruidsschoenen van Rainbow club","_seopress_titles_desc":"Deze prachtige satijnen bruidsschoen in ivoor heeft elegante gekruiste bandjes, een stabiele blokhak van 6,5 cm \u00e9n een zachte Bliss-voering aan de binnenkant.","_seopress_robots_index":""},"product_brand":[],"product_cat":[50],"product_tag":[282,245,283,306,280,237,281],"stijl":[],"silhouet":[],"merk":[],"class_list":{"0":"post-3598","1":"product","2":"type-product","3":"status-publish","4":"has-post-thumbnail","6":"product_cat-bruidsschoenen","7":"product_tag-bruidsschoenen","8":"product_tag-elegant","9":"product_tag-elsa-coloured-shoes","10":"product_tag-hellen","11":"product_tag-rainbow-club","12":"product_tag-satijn","13":"product_tag-schoen","15":"first","16":"instock","17":"shipping-taxable","18":"product-type-simple"},"_links":{"self":[{"href":"https:\/\/lesagebridal.be\/fr\/wp-json\/wp\/v2\/product\/3598","targetHints":{"allow":["GET"]}}],"collection":[{"href":"https:\/\/lesagebridal.be\/fr\/wp-json\/wp\/v2\/product"}],"about":[{"href":"https:\/\/lesagebridal.be\/fr\/wp-json\/wp\/v2\/types\/product"}],"replies":[{"embeddable":true,"href":"https:\/\/lesagebridal.be\/fr\/wp-json\/wp\/v2\/comments?post=3598"}],"wp:featuredmedia":[{"embeddable":true,"href":"https:\/\/lesagebridal.be\/fr\/wp-json\/wp\/v2\/media\/3599"}],"wp:attachment":[{"href":"https:\/\/lesagebridal.be\/fr\/wp-json\/wp\/v2\/media?parent=3598"}],"wp:term":[{"taxonomy":"product_brand","embeddable":true,"href":"https:\/\/lesagebridal.be\/fr\/wp-json\/wp\/v2\/product_brand?post=3598"},{"taxonomy":"product_cat","embeddable":true,"href":"https:\/\/lesagebridal.be\/fr\/wp-json\/wp\/v2\/product_cat?post=3598"},{"taxonomy":"product_tag","embeddable":true,"href":"https:\/\/lesagebridal.be\/fr\/wp-json\/wp\/v2\/product_tag?post=3598"},{"taxonomy":"stijl","embeddable":true,"href":"https:\/\/lesagebridal.be\/fr\/wp-json\/wp\/v2\/stijl?post=3598"},{"taxonomy":"silhouet","embeddable":true,"href":"https:\/\/lesagebridal.be\/fr\/wp-json\/wp\/v2\/silhouet?post=3598"},{"taxonomy":"merk","embeddable":true,"href":"https:\/\/lesagebridal.be\/fr\/wp-json\/wp\/v2\/merk?post=3598"}],"curies":[{"name":"wp","href":"https:\/\/api.w.org\/{rel}","templated":true}]}}