{"id":3604,"date":"2025-04-13T13:52:34","date_gmt":"2025-04-13T11:52:34","guid":{"rendered":"https:\/\/lesagebridal.be\/?post_type=product&#038;p=3604"},"modified":"2025-04-13T13:55:06","modified_gmt":"2025-04-13T11:55:06","slug":"chaussures-de-couleur-sarina-elsa","status":"publish","type":"product","link":"https:\/\/lesagebridal.be\/fr\/trouwjurk-kopen\/aanbod\/sarina-elsa-coloured-shoes\/","title":{"rendered":"Sarina"},"content":{"rendered":"<p class=\"\" data-start=\"104\" data-end=\"139\"><strong data-start=\"104\" data-end=\"139\">Sarina - Brille de mille feux, jeune mari\u00e9e ! \u2728<\/strong><\/p>\n<p class=\"\" data-start=\"141\" data-end=\"456\">Envie d'une chaussure qui brille autant que vous ? Dites bonjour \u00e0 Sarina ! Cet escarpin de mariage blanc cass\u00e9 m\u00e9tallis\u00e9 \u00e0 bout pointu et talon de 6,5 cm brille \u00e0 chaque pas. Les \u00e9l\u00e9gantes brides offrent un soutien et un style suppl\u00e9mentaires, tandis que la douce semelle en cuir de l'escarpin est un gage d'\u00e9l\u00e9gance. <em data-start=\"390\" data-end=\"397\">F\u00e9licit\u00e9<\/em>-La doublure vous permet de danser sans effort toute la journ\u00e9e.<\/p>","protected":false},"excerpt":{"rendered":"<p>Sarina \u2013 Shine bright, bride! \u2728 Wil jij een schoen die net zo straalt als jij? Say hello to Sarina! Deze metallic off-white bruidspump met spitse neus en 6,5 cm hak zorgt voor sparkle bij elke stap. De elegante bandjes geven extra steun \u00e9n stijl, terwijl de zachte Bliss-voering ervoor zorgt dat jij moeiteloos de [&hellip;]<\/p>\n","protected":false},"featured_media":3605,"comment_status":"closed","ping_status":"closed","template":"","meta":{"_seopress_robots_primary_cat":"none","_seopress_titles_title":"Sarina klassevolle bruidsschoenen van Rainbow club","_seopress_titles_desc":"Deze metallic off-white bruidspump met spitse neus en 6,5 cm hak zorgt voor sparkle bij elke stap. De elegante bandjes geven extra steun \u00e9n stijl.","_seopress_robots_index":""},"product_brand":[],"product_cat":[50],"product_tag":[282,245,283,306,280,237,281],"stijl":[],"silhouet":[],"merk":[],"class_list":{"0":"post-3604","1":"product","2":"type-product","3":"status-publish","4":"has-post-thumbnail","6":"product_cat-bruidsschoenen","7":"product_tag-bruidsschoenen","8":"product_tag-elegant","9":"product_tag-elsa-coloured-shoes","10":"product_tag-hellen","11":"product_tag-rainbow-club","12":"product_tag-satijn","13":"product_tag-schoen","15":"first","16":"instock","17":"shipping-taxable","18":"product-type-simple"},"_links":{"self":[{"href":"https:\/\/lesagebridal.be\/fr\/wp-json\/wp\/v2\/product\/3604","targetHints":{"allow":["GET"]}}],"collection":[{"href":"https:\/\/lesagebridal.be\/fr\/wp-json\/wp\/v2\/product"}],"about":[{"href":"https:\/\/lesagebridal.be\/fr\/wp-json\/wp\/v2\/types\/product"}],"replies":[{"embeddable":true,"href":"https:\/\/lesagebridal.be\/fr\/wp-json\/wp\/v2\/comments?post=3604"}],"wp:featuredmedia":[{"embeddable":true,"href":"https:\/\/lesagebridal.be\/fr\/wp-json\/wp\/v2\/media\/3605"}],"wp:attachment":[{"href":"https:\/\/lesagebridal.be\/fr\/wp-json\/wp\/v2\/media?parent=3604"}],"wp:term":[{"taxonomy":"product_brand","embeddable":true,"href":"https:\/\/lesagebridal.be\/fr\/wp-json\/wp\/v2\/product_brand?post=3604"},{"taxonomy":"product_cat","embeddable":true,"href":"https:\/\/lesagebridal.be\/fr\/wp-json\/wp\/v2\/product_cat?post=3604"},{"taxonomy":"product_tag","embeddable":true,"href":"https:\/\/lesagebridal.be\/fr\/wp-json\/wp\/v2\/product_tag?post=3604"},{"taxonomy":"stijl","embeddable":true,"href":"https:\/\/lesagebridal.be\/fr\/wp-json\/wp\/v2\/stijl?post=3604"},{"taxonomy":"silhouet","embeddable":true,"href":"https:\/\/lesagebridal.be\/fr\/wp-json\/wp\/v2\/silhouet?post=3604"},{"taxonomy":"merk","embeddable":true,"href":"https:\/\/lesagebridal.be\/fr\/wp-json\/wp\/v2\/merk?post=3604"}],"curies":[{"name":"wp","href":"https:\/\/api.w.org\/{rel}","templated":true}]}}