{"id":608,"date":"2024-03-22T16:19:20","date_gmt":"2024-03-22T15:19:20","guid":{"rendered":"https:\/\/lesagebridal.be\/?post_type=product&#038;p=608"},"modified":"2025-04-07T13:05:50","modified_gmt":"2025-04-07T11:05:50","slug":"zeemeermin-trouwjurk-kant-kinsley","status":"publish","type":"product","link":"https:\/\/lesagebridal.be\/fr\/trouwjurk-kopen\/aanbod\/zeemeermin-trouwjurk-kant-kinsley\/","title":{"rendered":"Kinsley"},"content":{"rendered":"<p>Schoonheid in zijn eenvoud. Deze aansluitende trouwjurk heeft een bovenstuk met fijne glittertule waar parels en kant op geborduurd zijn, met uitgesneden zijdstukken en een V-rugd\u00e9collet\u00e9. Knoopjes tot helemaal onderaan. Indien je de decollet\u00e9 vooraan te diep vind, is er ook de mogelijkheid om deze minder diep te maken.<\/p>","protected":false},"excerpt":{"rendered":"<p>Adore de Justin Alexander<\/p>","protected":false},"featured_media":582,"comment_status":"closed","ping_status":"closed","template":"","meta":{"_seopress_robots_primary_cat":"none","_seopress_titles_title":"","_seopress_titles_desc":"","_seopress_robots_index":""},"product_brand":[],"product_cat":[21],"product_tag":[],"stijl":[217,218],"silhouet":[211],"merk":[206],"class_list":{"0":"post-608","1":"product","2":"type-product","3":"status-publish","4":"has-post-thumbnail","6":"product_cat-trouwjurk","7":"stijl-klassevol","8":"stijl-minimalistisch","9":"silhouet-aansluitend-mermaid-fit-flare","10":"merk-justin-alexander","12":"first","13":"instock","14":"shipping-taxable","15":"product-type-simple"},"_links":{"self":[{"href":"https:\/\/lesagebridal.be\/fr\/wp-json\/wp\/v2\/product\/608","targetHints":{"allow":["GET"]}}],"collection":[{"href":"https:\/\/lesagebridal.be\/fr\/wp-json\/wp\/v2\/product"}],"about":[{"href":"https:\/\/lesagebridal.be\/fr\/wp-json\/wp\/v2\/types\/product"}],"replies":[{"embeddable":true,"href":"https:\/\/lesagebridal.be\/fr\/wp-json\/wp\/v2\/comments?post=608"}],"wp:featuredmedia":[{"embeddable":true,"href":"https:\/\/lesagebridal.be\/fr\/wp-json\/wp\/v2\/media\/582"}],"wp:attachment":[{"href":"https:\/\/lesagebridal.be\/fr\/wp-json\/wp\/v2\/media?parent=608"}],"wp:term":[{"taxonomy":"product_brand","embeddable":true,"href":"https:\/\/lesagebridal.be\/fr\/wp-json\/wp\/v2\/product_brand?post=608"},{"taxonomy":"product_cat","embeddable":true,"href":"https:\/\/lesagebridal.be\/fr\/wp-json\/wp\/v2\/product_cat?post=608"},{"taxonomy":"product_tag","embeddable":true,"href":"https:\/\/lesagebridal.be\/fr\/wp-json\/wp\/v2\/product_tag?post=608"},{"taxonomy":"stijl","embeddable":true,"href":"https:\/\/lesagebridal.be\/fr\/wp-json\/wp\/v2\/stijl?post=608"},{"taxonomy":"silhouet","embeddable":true,"href":"https:\/\/lesagebridal.be\/fr\/wp-json\/wp\/v2\/silhouet?post=608"},{"taxonomy":"merk","embeddable":true,"href":"https:\/\/lesagebridal.be\/fr\/wp-json\/wp\/v2\/merk?post=608"}],"curies":[{"name":"wp","href":"https:\/\/api.w.org\/{rel}","templated":true}]}}